{"id":3896,"date":"2020-12-22T06:36:51","date_gmt":"2020-12-22T05:36:51","guid":{"rendered":"https:\/\/www.trgo-mokk-shop.si\/izdelek\/ventilacijska-resetka-za-vrata-vga-6-zracnik-za-vrata\/"},"modified":"2025-10-16T13:20:43","modified_gmt":"2025-10-16T11:20:43","slug":"ventilacijska-resetka-za-vrata-vga-6","status":"publish","type":"product","link":"https:\/\/www.trgo-mokk-shop.si\/hr\/izdelek\/ventilacijska-resetka-za-vrata-vga-6\/","title":{"rendered":"Ventilacijska re\u0161etka za vrata VGA-6 | Prestrujna re\u0161etka za vrata"},"content":{"rendered":"<p>Ventilacijska re\u0161etka za vrata VGA-6 odn. odzra\u010dnik za vrata od kupaonice jedna je od vrsta ventilacijskih re\u0161etki iz podru\u010dja HVAC industrije. Naj\u010de\u0161\u0107e se ugra\u0111uju u vrata ili u uske zidove. Prikladni su za izjedna\u010davanje tlaka izme\u0111u prostorija.<\/p>\n<p>Njihova ugradnja omogu\u0107uje prozra\u010divanje, istovremeno sprje\u010davaju\u0107i prodor svjetla i buke.<\/p>\n<p>Na donjoj slici mo\u017eete vidjeti ugra\u0111enu ventilacijsku re\u0161etku VGA-6 na vratima objekta<span style=\"font-size: 14.4px;\">.<\/span><\/p>\n<figure id=\"attachment_3039\" aria-describedby=\"caption-attachment-3039\" style=\"width: 450px\" class=\"wp-caption alignnone\"><img loading=\"lazy\" decoding=\"async\" class=\"wp-image-1637\" src=\"https:\/\/www.trgo-mokk-shop.si\/wp-content\/uploads\/2022\/12\/Zracnik-za-vrata-VGA-6-referenca.jpg\" alt=\"Ugra\u0111ena prestrujna za vrata VGA-6\" width=\"450\" height=\"337\" \/><figcaption id=\"caption-attachment-3039\" class=\"wp-caption-text\">Ventilacijska re\u0161etka za vrata VGA-6 na vratima objekta &#8211; vrti\u0107a.<\/figcaption><\/figure>\n<h2>Prestrujna re\u0161etka za vrata VGA-6 &#8211; materijal in boja<\/h2>\n<p>Aluminijska ventilacijska re\u0161etka VGA-6 izra\u0111ena je od eloksiranih aluminijskih profila i stoga je sive boje u prirodnoj boji aluminija.<\/p>\n<p>Prema \u017eelji kupca, re\u0161etku mo\u017eemo obojati u \u017eeljenu boju prema RAL ljestvici.<\/p>\n<p>&nbsp;<\/p>\n<div class=\"message-box relative dark\" style=\"padding-top:15px;padding-bottom:15px;\"><div class=\"message-box-bg-image bg-fill fill\" style=\"background-image:url(#hex or http:\/\/imageurl);\"><\/div><div class=\"message-box-bg-overlay bg-fill fill\" ><\/div><div class=\"container relative\"><div class=\"inner last-reset\"> Za ponudu nazovite Melitu na 00386 51 674 130 ili pi\u0161ite na info@trgo-mokk.si.<\/div><\/div><\/div>\n<p>&nbsp;<\/p>\n<h2>Aluminijska ventilacijska re\u0161etka VGA-6 &#8211; sastavni dijelovi<\/h2>\n<ul>\n<li>Nepomi\u010dne horizontalne lamele<\/li>\n<li>Protuokvir<\/li>\n<\/ul>\n<figure id=\"attachment_3041\" aria-describedby=\"caption-attachment-3041\" style=\"width: 349px\" class=\"wp-caption alignnone\"><img loading=\"lazy\" decoding=\"async\" class=\"wp-image-1640\" src=\"https:\/\/www.trgo-mokk-shop.si\/wp-content\/uploads\/2022\/12\/Zracnik-za-vrata-VGA-6-protiokvir.jpg\" alt=\"\" width=\"349\" height=\"317\" \/><figcaption id=\"caption-attachment-3041\" class=\"wp-caption-text\">Na slici je prikazana alu re\u0161etka za vrata VGA-6 i odgovaraju\u0107i protuokvir, koji se ugra\u0111uje na suprotnu stranu vrata.<\/figcaption><\/figure>\n<h2>Re\u0161etka za kupaonska vrata VGA-6 nestandardnim izvedbama<\/h2>\n<p>Kupci nam se \u010desto obra\u0107aju s posebnim zahtjevima ili \u017eeljama vezanim uz izvedbe zra\u010dnika za vrata.<\/p>\n<p>Za vas smo razvili:<\/p>\n<h3>1. Prestrujnu re\u0161etkau za vrata VGA-6, koja ima ugra\u0111enu mre\u017eu protiv insekata<\/h3>\n<p><img loading=\"lazy\" decoding=\"async\" class=\"alignnone wp-image-2073\" src=\"https:\/\/www.trgo-mokk-shop.si\/wp-content\/uploads\/2020\/12\/zracnik-za-vrata-VGA-6-z-mrezico.jpg.png\" alt=\"Aluminijska ventilacijska re\u0161etka VGA-6 sa mre\u017eicu protiv insekata\" width=\"500\" height=\"500\" \/><\/p>\n<p>&nbsp;<\/p>\n<h3>2. Odzra\u010dnik za vrata od kupaonice VGA-6 s regulacijom koja omogu\u0107uje reguliranje protoka zraka<\/h3>\n<p><img loading=\"lazy\" decoding=\"async\" class=\"alignnone wp-image-2075\" src=\"https:\/\/www.trgo-mokk-shop.si\/wp-content\/uploads\/2020\/12\/regulacija-za-zracnik-za-vrata-VGA-6.png\" alt=\"Regulacija ili kliza\u010d za alu re\u0161etku za vrata VGA-6\" width=\"500\" height=\"500\" \/><\/p>\n<div class=\"message-box relative dark\" style=\"padding-top:15px;padding-bottom:15px;\"><div class=\"message-box-bg-image bg-fill fill\" style=\"background-image:url(#hex or http:\/\/imageurl);\"><\/div><div class=\"message-box-bg-overlay bg-fill fill\" ><\/div><div class=\"container relative\"><div class=\"inner last-reset\">Trebate i vi aluminijsku ventilacijsku re\u0161etku za vrata s regulacijom ili s dodatnom mre\u017eicom za sprje\u010davanje komaraca?<\/p>\n<p>Za ponudu nazovite Melitu na 00386 51 674 130 ili pi\u0161ite na info@trgo-mokk.si.<\/div><\/div><\/div>\n<p>&nbsp;<\/p>\n<h2>Kako ugradimo ventilacijska re\u0161etka za vrata VGA-6?<\/h2>\n<p>Ventilacijska re\u0161etka za vrata VGA-6 se naj\u010de\u0161\u0107e ugra\u0111uje u vrata kupaonice, budu\u0107i da je to prostor u kojem se stvara najvi\u0161e vlage u cijelom stanu ili ku\u0107i, stoga je prozra\u010divanje kupaonice vrlo va\u017eno. Re\u0161etka za kupaonska vrata VGA-6 se pri\u010dvr\u0161\u0107uje na vrata ili zid pomo\u0107u vijaka.<\/p>\n<p>Vi\u0161e o va\u017enosti prozra\u010divanja kupaonice mo\u017eete pro\u010ditati u na\u0161em \u010dlanku <a href=\"https:\/\/www.trgo-mokk.si\/prezracevanje-kopalnice\/\" target=\"_blank\" rel=\"noopener\">OVDJE<\/a>.<br \/>\nKada je ventilator ugra\u0111en u kupaonicu, dimenzija odzra\u010dnika za vrata od kupaonice je manja nego kada ventilator nije ugra\u0111en u kupaonicu.<\/p>\n<p><img loading=\"lazy\" decoding=\"async\" class=\"alignnone size-medium wp-image-5158\" src=\"https:\/\/www.trgo-mokk-shop.si\/wp-content\/uploads\/2020\/12\/VGA-6-VGRADNJA-400x400.jpg\" alt=\"\" width=\"400\" height=\"400\" srcset=\"https:\/\/www.trgo-mokk-shop.si\/wp-content\/uploads\/2020\/12\/VGA-6-VGRADNJA-400x400.jpg 400w, https:\/\/www.trgo-mokk-shop.si\/wp-content\/uploads\/2020\/12\/VGA-6-VGRADNJA-800x800.jpg 800w, https:\/\/www.trgo-mokk-shop.si\/wp-content\/uploads\/2020\/12\/VGA-6-VGRADNJA-280x280.jpg 280w, https:\/\/www.trgo-mokk-shop.si\/wp-content\/uploads\/2020\/12\/VGA-6-VGRADNJA-768x768.jpg 768w, https:\/\/www.trgo-mokk-shop.si\/wp-content\/uploads\/2020\/12\/VGA-6-VGRADNJA-300x300.jpg 300w, https:\/\/www.trgo-mokk-shop.si\/wp-content\/uploads\/2020\/12\/VGA-6-VGRADNJA-600x600.jpg 600w, https:\/\/www.trgo-mokk-shop.si\/wp-content\/uploads\/2020\/12\/VGA-6-VGRADNJA-100x100.jpg 100w, https:\/\/www.trgo-mokk-shop.si\/wp-content\/uploads\/2020\/12\/VGA-6-VGRADNJA.jpg 1200w\" sizes=\"auto, (max-width: 400px) 100vw, 400px\" \/><\/p>\n<h2>Prestrujna re\u0161etka za vrata standardne veli\u010dine<\/h2>\n<p>Ventilacijska re\u0161etka za vrata VGA-6 standardnih dimenzija mo\u017eete prona\u0107i u tablici u nastavku. Navedene dimenzije predstavljaju otvor u koji \u0107ete ugraditi re\u0161etku.<\/p>\n<p>Re\u0161etka za kupaonska vrata ima vanjski rub \u0161irine 2,5 cm sa svake strane kako bi prekrili otvor na vratima.<\/p>\n<h2><img loading=\"lazy\" decoding=\"async\" class=\"alignnone wp-image-1431 size-full\" src=\"https:\/\/www.trgo-mokk-shop.si\/wp-content\/uploads\/2020\/12\/vga6-dimenzije-1.jpg\" alt=\"Prestrujna re\u0161etka za vrata - standardne veli\u010dine\" width=\"388\" height=\"219\" \/><\/h2>\n<h2>Ventilacijska re\u0161etka za vrata VGA-6, koje su cijene?<\/h2>\n<p>Cijene re\u0161etki za kupaonska vrata VGA-6 kre\u0107u se izme\u0111u 20\u20ac i 61\u20ac.<\/p>\n<p>Najmanji dostupni odzra\u010dnik za vrata VGA-6 iz zalihe, koji je namijenjen za ugradnju u otvor dimenzija 200\u00d7100 cm, ko\u0161ta 20\u20ac.<\/p>\n<p>Najve\u0107i dostupni zra\u010dnik VGA-6 iz zalihe, namijenjen za ugradnju u otvor dimenzija 600\u00d7400 cm, ko\u0161ta 82\u20ac.<\/p>\n<p>&nbsp;<\/p>\n<div class=\"message-box relative dark\" style=\"padding-top:15px;padding-bottom:15px;\"><div class=\"message-box-bg-image bg-fill fill\" style=\"background-image:url(#hex or http:\/\/imageurl);\"><\/div><div class=\"message-box-bg-overlay bg-fill fill\" ><\/div><div class=\"container relative\"><div class=\"inner last-reset\"> Ako dimenzije otvora na va\u0161im vratima nisu dostupne u gornjo navedenoj tablici ili ih nemamo na zalihi?<\/p>\n<p>U tom slu\u010daju mo\u017eemo vam ponuditi i nestandardne dimenzije, ali bit \u0107e potrebno pri\u010dekati nekoliko tjedana od narud\u017ebe za izradu va\u0161e prilago\u0111ene aluminijske ventilacijske re\u0161etke za vrata.<\/p>\n<p>Vrijeme izrade je oko 2-3 tjedna od narud\u017ebe.<\/p>\n<p>Za cijenu re\u0161etke prema va\u0161im dimenzijama, molimo vas da po\u0161aljete upit na info@trgo-mokk.si.<\/div><\/div><\/div>\n<p>&nbsp;<\/p>\n<h2>Ventilacijska re\u0161etka za vrata VGA-6, kako naru\u010diti?<\/h2>\n<p>Za naru\u010divanje aluminijske ventilacijske re\u0161etke za vrata VGA-6, molimo vas da prilikom narud\u017ebe dostavite sljede\u0107e informacije:<\/p>\n<ul>\n<li>Dimenzije otvora u koji \u0107ete ugraditi re\u0161etku.<\/li>\n<li>\u017delite li dodatno regulirati protok zraka odn. regulirati dovod zraka u prostoriju<\/li>\n<li>Imate li neku posebnu \u017eelju za boju? Standardno imamo na zalihi ventilacijske re\u0161etke eloksirane u prirodnoj boji aluminija. Ukoliko Vam je potrebna re\u0161etka druge boje kontaktirajte nas i pripremit \u0107emo Vam ponudu.<\/li>\n<\/ul>\n<p>Mo\u017eete nas nazvati na 00386 51 674 130 (Melita) ili 00386 41 513 363 (Brigita) ili nam pisati na info@trgo-mokk.si.<\/p>\n<p>&nbsp;<\/p>\n<p><img loading=\"lazy\" decoding=\"async\" class=\"alignnone wp-image-1426\" src=\"https:\/\/www.trgo-mokk-shop.si\/wp-content\/uploads\/2020\/12\/vga6.jpg\" alt=\"Kako odzra\u010dnik za vrata od kupaonice VGA-6\" width=\"540\" height=\"313\" \/><\/p>\n<p>Niste prona\u0161li <a href=\"https:\/\/www.trgo-mokk-shop.si\/hr\/kategorija-izdelka\/elementi-za-distribuciju-i-regulaciju-zraka\/\">re\u0161etke<\/a> koju trebate ili niste sigurni \u0161ta trebate?<br \/>\nTu <a href=\"https:\/\/www.trgo-mokk.si\/\" target=\"_blank\" rel=\"noopener\">smo<\/a> za vas.<\/p>\n<p>&nbsp;<\/p>\n<div class=\"message-box relative dark\" style=\"padding-top:15px;padding-bottom:15px;\"><div class=\"message-box-bg-image bg-fill fill\" style=\"background-image:url(#hex or http:\/\/imageurl);\"><\/div><div class=\"message-box-bg-overlay bg-fill fill\" ><\/div><div class=\"container relative\"><div class=\"inner last-reset\">Ukoliko Vas zanimaju posebne izvedbe re\u0161etki ili Vam je potreban bilo kakav savjet vezan za<a href=\"https:\/\/www.trgo-mokk.si\/\" target=\"_blank\" rel=\"noopener\"> MOKK-VENT ventilacijske proizvode<\/a>, stojimo Vam na usluzi.<\/p>\n<p>Za pomo\u0107 i savjet uvijek nas mo\u017eete nazvati na <strong>+386 41 513 363 (Brigita) <\/strong>ili nam pisati na <strong>info@trgo-mokk.si.<\/strong><\/div><\/div><\/div>\n","protected":false},"excerpt":{"rendered":"<p>Ventilacijska re\u0161etka za vrata odn. aluminijske ventilacijske re\u0161etke za vrata VGA-6 prikladne su za izjedna\u010davanje tlaka izme\u0111u prostorija. Naj\u010de\u0161\u0107e se ugra\u0111uju u vrata ili uske zidove.<\/p>\n","protected":false},"featured_media":3038,"comment_status":"open","ping_status":"closed","template":"","meta":[],"product_brand":[],"product_cat":[117,126],"product_tag":[],"class_list":{"0":"post-3896","1":"product","2":"type-product","3":"status-publish","4":"has-post-thumbnail","6":"product_cat-elementi-za-distribuciju-i-regulaciju-zraka","7":"product_cat-ventilacijske-resetke","9":"first","10":"instock","11":"taxable","12":"shipping-taxable","13":"purchasable","14":"product-type-variable"},"yoast_head":"<!-- This site is optimized with the Yoast SEO plugin v27.4 - https:\/\/yoast.com\/product\/yoast-seo-wordpress\/ -->\n<title>Ventilacijska re\u0161etka za vrata VGA-6 | na zalihi<\/title>\n<meta name=\"description\" content=\"Visokokvalitetna ventilacijska re\u0161etka za vrata VGA-6 tj. re\u0161etka od eloksiranog aluminija na zalihi. Povoljne cijene i brza isporuka. Provjerite!\" \/>\n<meta name=\"robots\" content=\"index, follow, max-snippet:-1, max-image-preview:large, max-video-preview:-1\" \/>\n<link rel=\"canonical\" href=\"https:\/\/www.trgo-mokk-shop.si\/hr\/izdelek\/ventilacijska-resetka-za-vrata-vga-6\/\" \/>\n<meta property=\"og:locale\" content=\"hr_HR\" \/>\n<meta property=\"og:type\" content=\"article\" \/>\n<meta property=\"og:title\" content=\"Ventilacijska re\u0161etka za vrata VGA-6 | na zalihi\" \/>\n<meta property=\"og:description\" content=\"Visokokvalitetna ventilacijska re\u0161etka za vrata VGA-6 tj. re\u0161etka od eloksiranog aluminija na zalihi. Povoljne cijene i brza isporuka. Provjerite!\" \/>\n<meta property=\"og:url\" content=\"https:\/\/www.trgo-mokk-shop.si\/hr\/izdelek\/ventilacijska-resetka-za-vrata-vga-6\/\" \/>\n<meta property=\"og:site_name\" content=\"Trgo Mokk shop\" \/>\n<meta property=\"article:modified_time\" content=\"2025-10-16T11:20:43+00:00\" \/>\n<meta property=\"og:image\" content=\"https:\/\/www.trgo-mokk-shop.si\/wp-content\/uploads\/2022\/12\/zracnik-za-vrata-VGA-6.png\" \/>\n\t<meta property=\"og:image:width\" content=\"512\" \/>\n\t<meta property=\"og:image:height\" content=\"512\" \/>\n\t<meta property=\"og:image:type\" content=\"image\/png\" \/>\n<meta name=\"twitter:card\" content=\"summary_large_image\" \/>\n<meta name=\"twitter:label1\" content=\"Procijenjeno vrijeme \u010ditanja\" \/>\n\t<meta name=\"twitter:data1\" content=\"6 minuta\" \/>\n<script type=\"application\/ld+json\" class=\"yoast-schema-graph\">{\"@context\":\"https:\\\/\\\/schema.org\",\"@graph\":[{\"@type\":\"WebPage\",\"@id\":\"https:\\\/\\\/www.trgo-mokk-shop.si\\\/hr\\\/izdelek\\\/ventilacijska-resetka-za-vrata-vga-6\\\/\",\"url\":\"https:\\\/\\\/www.trgo-mokk-shop.si\\\/hr\\\/izdelek\\\/ventilacijska-resetka-za-vrata-vga-6\\\/\",\"name\":\"Ventilacijska re\u0161etka za vrata VGA-6 | na zalihi\",\"isPartOf\":{\"@id\":\"https:\\\/\\\/www.trgo-mokk-shop.si\\\/hr\\\/#website\"},\"primaryImageOfPage\":{\"@id\":\"https:\\\/\\\/www.trgo-mokk-shop.si\\\/hr\\\/izdelek\\\/ventilacijska-resetka-za-vrata-vga-6\\\/#primaryimage\"},\"image\":{\"@id\":\"https:\\\/\\\/www.trgo-mokk-shop.si\\\/hr\\\/izdelek\\\/ventilacijska-resetka-za-vrata-vga-6\\\/#primaryimage\"},\"thumbnailUrl\":\"https:\\\/\\\/www.trgo-mokk-shop.si\\\/wp-content\\\/uploads\\\/2022\\\/12\\\/zracnik-za-vrata-VGA-6.png\",\"datePublished\":\"2020-12-22T05:36:51+00:00\",\"dateModified\":\"2025-10-16T11:20:43+00:00\",\"description\":\"Visokokvalitetna ventilacijska re\u0161etka za vrata VGA-6 tj. re\u0161etka od eloksiranog aluminija na zalihi. Povoljne cijene i brza isporuka. Provjerite!\",\"breadcrumb\":{\"@id\":\"https:\\\/\\\/www.trgo-mokk-shop.si\\\/hr\\\/izdelek\\\/ventilacijska-resetka-za-vrata-vga-6\\\/#breadcrumb\"},\"inLanguage\":\"hr\",\"potentialAction\":[{\"@type\":\"ReadAction\",\"target\":[\"https:\\\/\\\/www.trgo-mokk-shop.si\\\/hr\\\/izdelek\\\/ventilacijska-resetka-za-vrata-vga-6\\\/\"]}]},{\"@type\":\"ImageObject\",\"inLanguage\":\"hr\",\"@id\":\"https:\\\/\\\/www.trgo-mokk-shop.si\\\/hr\\\/izdelek\\\/ventilacijska-resetka-za-vrata-vga-6\\\/#primaryimage\",\"url\":\"https:\\\/\\\/www.trgo-mokk-shop.si\\\/wp-content\\\/uploads\\\/2022\\\/12\\\/zracnik-za-vrata-VGA-6.png\",\"contentUrl\":\"https:\\\/\\\/www.trgo-mokk-shop.si\\\/wp-content\\\/uploads\\\/2022\\\/12\\\/zracnik-za-vrata-VGA-6.png\",\"width\":512,\"height\":512},{\"@type\":\"BreadcrumbList\",\"@id\":\"https:\\\/\\\/www.trgo-mokk-shop.si\\\/hr\\\/izdelek\\\/ventilacijska-resetka-za-vrata-vga-6\\\/#breadcrumb\",\"itemListElement\":[{\"@type\":\"ListItem\",\"position\":1,\"name\":\"Domov\",\"item\":\"https:\\\/\\\/www.trgo-mokk-shop.si\\\/hr\\\/\"},{\"@type\":\"ListItem\",\"position\":2,\"name\":\"Shop\",\"item\":\"https:\\\/\\\/www.trgo-mokk-shop.si\\\/hr\\\/shop\\\/\"},{\"@type\":\"ListItem\",\"position\":3,\"name\":\"Ventilacijska re\u0161etka za vrata VGA-6 | Prestrujna re\u0161etka za vrata\"}]},{\"@type\":\"WebSite\",\"@id\":\"https:\\\/\\\/www.trgo-mokk-shop.si\\\/hr\\\/#website\",\"url\":\"https:\\\/\\\/www.trgo-mokk-shop.si\\\/hr\\\/\",\"name\":\"Trgo Mokk shop\",\"description\":\"\",\"publisher\":{\"@id\":\"https:\\\/\\\/www.trgo-mokk-shop.si\\\/hr\\\/#organization\"},\"potentialAction\":[{\"@type\":\"SearchAction\",\"target\":{\"@type\":\"EntryPoint\",\"urlTemplate\":\"https:\\\/\\\/www.trgo-mokk-shop.si\\\/hr\\\/?s={search_term_string}\"},\"query-input\":{\"@type\":\"PropertyValueSpecification\",\"valueRequired\":true,\"valueName\":\"search_term_string\"}}],\"inLanguage\":\"hr\"},{\"@type\":\"Organization\",\"@id\":\"https:\\\/\\\/www.trgo-mokk-shop.si\\\/hr\\\/#organization\",\"name\":\"Trgo Mokk\",\"url\":\"https:\\\/\\\/www.trgo-mokk-shop.si\\\/hr\\\/\",\"logo\":{\"@type\":\"ImageObject\",\"inLanguage\":\"hr\",\"@id\":\"https:\\\/\\\/www.trgo-mokk-shop.si\\\/hr\\\/#\\\/schema\\\/logo\\\/image\\\/\",\"url\":\"https:\\\/\\\/www.trgo-mokk-shop.si\\\/wp-content\\\/uploads\\\/2021\\\/01\\\/index.png\",\"contentUrl\":\"https:\\\/\\\/www.trgo-mokk-shop.si\\\/wp-content\\\/uploads\\\/2021\\\/01\\\/index.png\",\"width\":200,\"height\":200,\"caption\":\"Trgo Mokk\"},\"image\":{\"@id\":\"https:\\\/\\\/www.trgo-mokk-shop.si\\\/hr\\\/#\\\/schema\\\/logo\\\/image\\\/\"}}]}<\/script>\n<!-- \/ Yoast SEO plugin. -->","yoast_head_json":{"title":"Ventilacijska re\u0161etka za vrata VGA-6 | na zalihi","description":"Visokokvalitetna ventilacijska re\u0161etka za vrata VGA-6 tj. re\u0161etka od eloksiranog aluminija na zalihi. Povoljne cijene i brza isporuka. Provjerite!","robots":{"index":"index","follow":"follow","max-snippet":"max-snippet:-1","max-image-preview":"max-image-preview:large","max-video-preview":"max-video-preview:-1"},"canonical":"https:\/\/www.trgo-mokk-shop.si\/hr\/izdelek\/ventilacijska-resetka-za-vrata-vga-6\/","og_locale":"hr_HR","og_type":"article","og_title":"Ventilacijska re\u0161etka za vrata VGA-6 | na zalihi","og_description":"Visokokvalitetna ventilacijska re\u0161etka za vrata VGA-6 tj. re\u0161etka od eloksiranog aluminija na zalihi. Povoljne cijene i brza isporuka. Provjerite!","og_url":"https:\/\/www.trgo-mokk-shop.si\/hr\/izdelek\/ventilacijska-resetka-za-vrata-vga-6\/","og_site_name":"Trgo Mokk shop","article_modified_time":"2025-10-16T11:20:43+00:00","og_image":[{"width":512,"height":512,"url":"https:\/\/www.trgo-mokk-shop.si\/wp-content\/uploads\/2022\/12\/zracnik-za-vrata-VGA-6.png","type":"image\/png"}],"twitter_card":"summary_large_image","twitter_misc":{"Procijenjeno vrijeme \u010ditanja":"6 minuta"},"schema":{"@context":"https:\/\/schema.org","@graph":[{"@type":"WebPage","@id":"https:\/\/www.trgo-mokk-shop.si\/hr\/izdelek\/ventilacijska-resetka-za-vrata-vga-6\/","url":"https:\/\/www.trgo-mokk-shop.si\/hr\/izdelek\/ventilacijska-resetka-za-vrata-vga-6\/","name":"Ventilacijska re\u0161etka za vrata VGA-6 | na zalihi","isPartOf":{"@id":"https:\/\/www.trgo-mokk-shop.si\/hr\/#website"},"primaryImageOfPage":{"@id":"https:\/\/www.trgo-mokk-shop.si\/hr\/izdelek\/ventilacijska-resetka-za-vrata-vga-6\/#primaryimage"},"image":{"@id":"https:\/\/www.trgo-mokk-shop.si\/hr\/izdelek\/ventilacijska-resetka-za-vrata-vga-6\/#primaryimage"},"thumbnailUrl":"https:\/\/www.trgo-mokk-shop.si\/wp-content\/uploads\/2022\/12\/zracnik-za-vrata-VGA-6.png","datePublished":"2020-12-22T05:36:51+00:00","dateModified":"2025-10-16T11:20:43+00:00","description":"Visokokvalitetna ventilacijska re\u0161etka za vrata VGA-6 tj. re\u0161etka od eloksiranog aluminija na zalihi. Povoljne cijene i brza isporuka. Provjerite!","breadcrumb":{"@id":"https:\/\/www.trgo-mokk-shop.si\/hr\/izdelek\/ventilacijska-resetka-za-vrata-vga-6\/#breadcrumb"},"inLanguage":"hr","potentialAction":[{"@type":"ReadAction","target":["https:\/\/www.trgo-mokk-shop.si\/hr\/izdelek\/ventilacijska-resetka-za-vrata-vga-6\/"]}]},{"@type":"ImageObject","inLanguage":"hr","@id":"https:\/\/www.trgo-mokk-shop.si\/hr\/izdelek\/ventilacijska-resetka-za-vrata-vga-6\/#primaryimage","url":"https:\/\/www.trgo-mokk-shop.si\/wp-content\/uploads\/2022\/12\/zracnik-za-vrata-VGA-6.png","contentUrl":"https:\/\/www.trgo-mokk-shop.si\/wp-content\/uploads\/2022\/12\/zracnik-za-vrata-VGA-6.png","width":512,"height":512},{"@type":"BreadcrumbList","@id":"https:\/\/www.trgo-mokk-shop.si\/hr\/izdelek\/ventilacijska-resetka-za-vrata-vga-6\/#breadcrumb","itemListElement":[{"@type":"ListItem","position":1,"name":"Domov","item":"https:\/\/www.trgo-mokk-shop.si\/hr\/"},{"@type":"ListItem","position":2,"name":"Shop","item":"https:\/\/www.trgo-mokk-shop.si\/hr\/shop\/"},{"@type":"ListItem","position":3,"name":"Ventilacijska re\u0161etka za vrata VGA-6 | Prestrujna re\u0161etka za vrata"}]},{"@type":"WebSite","@id":"https:\/\/www.trgo-mokk-shop.si\/hr\/#website","url":"https:\/\/www.trgo-mokk-shop.si\/hr\/","name":"Trgo Mokk shop","description":"","publisher":{"@id":"https:\/\/www.trgo-mokk-shop.si\/hr\/#organization"},"potentialAction":[{"@type":"SearchAction","target":{"@type":"EntryPoint","urlTemplate":"https:\/\/www.trgo-mokk-shop.si\/hr\/?s={search_term_string}"},"query-input":{"@type":"PropertyValueSpecification","valueRequired":true,"valueName":"search_term_string"}}],"inLanguage":"hr"},{"@type":"Organization","@id":"https:\/\/www.trgo-mokk-shop.si\/hr\/#organization","name":"Trgo Mokk","url":"https:\/\/www.trgo-mokk-shop.si\/hr\/","logo":{"@type":"ImageObject","inLanguage":"hr","@id":"https:\/\/www.trgo-mokk-shop.si\/hr\/#\/schema\/logo\/image\/","url":"https:\/\/www.trgo-mokk-shop.si\/wp-content\/uploads\/2021\/01\/index.png","contentUrl":"https:\/\/www.trgo-mokk-shop.si\/wp-content\/uploads\/2021\/01\/index.png","width":200,"height":200,"caption":"Trgo Mokk"},"image":{"@id":"https:\/\/www.trgo-mokk-shop.si\/hr\/#\/schema\/logo\/image\/"}}]}},"_links":{"self":[{"href":"https:\/\/www.trgo-mokk-shop.si\/hr\/wp-json\/wp\/v2\/product\/3896","targetHints":{"allow":["GET"]}}],"collection":[{"href":"https:\/\/www.trgo-mokk-shop.si\/hr\/wp-json\/wp\/v2\/product"}],"about":[{"href":"https:\/\/www.trgo-mokk-shop.si\/hr\/wp-json\/wp\/v2\/types\/product"}],"replies":[{"embeddable":true,"href":"https:\/\/www.trgo-mokk-shop.si\/hr\/wp-json\/wp\/v2\/comments?post=3896"}],"wp:featuredmedia":[{"embeddable":true,"href":"https:\/\/www.trgo-mokk-shop.si\/hr\/wp-json\/wp\/v2\/media\/3038"}],"wp:attachment":[{"href":"https:\/\/www.trgo-mokk-shop.si\/hr\/wp-json\/wp\/v2\/media?parent=3896"}],"wp:term":[{"taxonomy":"product_brand","embeddable":true,"href":"https:\/\/www.trgo-mokk-shop.si\/hr\/wp-json\/wp\/v2\/product_brand?post=3896"},{"taxonomy":"product_cat","embeddable":true,"href":"https:\/\/www.trgo-mokk-shop.si\/hr\/wp-json\/wp\/v2\/product_cat?post=3896"},{"taxonomy":"product_tag","embeddable":true,"href":"https:\/\/www.trgo-mokk-shop.si\/hr\/wp-json\/wp\/v2\/product_tag?post=3896"}],"curies":[{"name":"wp","href":"https:\/\/api.w.org\/{rel}","templated":true}]}}