{"id":3880,"date":"2020-12-22T07:12:37","date_gmt":"2020-12-22T06:12:37","guid":{"rendered":"https:\/\/www.trgo-mokk-shop.si\/izdelek\/odvodni-ventil-za-ventilaciju-ve-1\/"},"modified":"2024-11-28T13:26:43","modified_gmt":"2024-11-28T12:26:43","slug":"zracni-odsisni-ventil-ve-1","status":"publish","type":"product","link":"https:\/\/www.trgo-mokk-shop.si\/hr\/izdelek\/zracni-odsisni-ventil-ve-1\/","title":{"rendered":"Zra\u010dni odsisni ventil VE-1"},"content":{"rendered":"<p><strong>OPIS:<\/strong><br \/>\nZra\u010dni odsisni ventil VE-1 se koristi za odvod zraka iz sanitarija i drugih prostorija. Mo\u017ee se koristiti i u niskotla\u010dnim ventilacijskim sistemima gdje je potrebna regulacija protoka zraka.<\/p>\n<p><strong>\u041c\u0410\u0422ERIJAL:<\/strong><br \/>\n\u010celi\u010dni lim<\/p>\n<p><strong>SASTAVNI DIJELOVI:<\/strong><br \/>\n&#8211; Ku\u010di\u0161te ventila<br \/>\n&#8211; Podesivi tanjur za otvaranje i zatvaranje ventila<br \/>\n&#8211; Ugradbena rama<\/p>\n<p><strong>BOJA: <\/strong><br \/>\nObojeno u RAL 9010 (bijelo)<\/p>\n<p><strong>UGRADNJA:<\/strong><br \/>\n&#8211; sa vijcima<\/p>\n<p><img loading=\"lazy\" decoding=\"async\" class=\"alignnone wp-image-1183\" src=\"https:\/\/www.trgo-mokk-shop.si\/wp-content\/uploads\/2020\/12\/vgradnja-ve1.jpg\" alt=\"ventil za ventilaciju_vgradnja\" width=\"277\" height=\"362\" \/><\/p>\n<h2><strong>Ventil za ventilaciju VELI\u010cINE:<\/strong><br \/>\n<img loading=\"lazy\" decoding=\"async\" class=\"alignnone wp-image-884 size-full\" src=\"https:\/\/www.trgo-mokk-shop.si\/wp-content\/uploads\/2020\/12\/TABELA-VENTILI-ve-1.jpg\" alt=\"ventil za ventilaciju - veli\u010dine\" width=\"122\" height=\"203\" \/><\/h2>\n<p><strong>OZNAKA ZA NARUD\u017dBU: <\/strong><br \/>\n<img loading=\"lazy\" decoding=\"async\" class=\"alignnone wp-image-1427 size-full\" src=\"https:\/\/www.trgo-mokk-shop.si\/wp-content\/uploads\/2020\/12\/ve-1.jpg\" alt=\"ventil za ventilaciju oznaka za narud\u017ebu\" width=\"387\" height=\"225\" \/><\/p>\n<p><img loading=\"lazy\" decoding=\"async\" class=\"alignnone wp-image-2143\" src=\"https:\/\/www.trgo-mokk-shop.si\/wp-content\/uploads\/2020\/12\/ventil_za_prezracevanje.jpg\" alt=\"zra\u010dni odsisni ventil\" width=\"382\" height=\"381\" \/><\/p>\n","protected":false},"excerpt":{"rendered":"<p>Zra\u010dni odsisni ventil VE-1 se koristi za odvod zraka iz sanitarija i drugih prostorija. Mo\u017ee se koristiti i u niskotla\u010dnim ventilacijskim sistemima gdje je potrebna regulacija protoka zraka.<\/p>\n","protected":false},"featured_media":3086,"comment_status":"closed","ping_status":"closed","template":"","meta":[],"product_brand":[],"product_cat":[117,123],"product_tag":[],"class_list":{"0":"post-3880","1":"product","2":"type-product","3":"status-publish","4":"has-post-thumbnail","6":"product_cat-elementi-za-distribuciju-i-regulaciju-zraka","7":"product_cat-metalni-zracni-ventili","9":"first","10":"instock","11":"taxable","12":"shipping-taxable","13":"purchasable","14":"product-type-variable"},"yoast_head":"<!-- This site is optimized with the Yoast SEO plugin v27.4 - https:\/\/yoast.com\/product\/yoast-seo-wordpress\/ -->\n<title>Zra\u010dni odsisni ventil VE-1 \/ NA ZALIHI<\/title>\n<meta name=\"description\" content=\"Zra\u010dni odsisni ventil VE-1 se koristi za odvod zraka iz kupaonica, sanitarnih i slicnih prostorija. Na zalihi. Po povoljnim cijenama\" \/>\n<meta name=\"robots\" content=\"index, follow, max-snippet:-1, max-image-preview:large, max-video-preview:-1\" \/>\n<link rel=\"canonical\" href=\"https:\/\/www.trgo-mokk-shop.si\/hr\/izdelek\/zracni-odsisni-ventil-ve-1\/\" \/>\n<meta property=\"og:locale\" content=\"hr_HR\" \/>\n<meta property=\"og:type\" content=\"article\" \/>\n<meta property=\"og:title\" content=\"Zra\u010dni odsisni ventil VE-1 \/ NA ZALIHI\" \/>\n<meta property=\"og:description\" content=\"Zra\u010dni odsisni ventil VE-1 se koristi za odvod zraka iz kupaonica, sanitarnih i slicnih prostorija. Na zalihi. Po povoljnim cijenama\" \/>\n<meta property=\"og:url\" content=\"https:\/\/www.trgo-mokk-shop.si\/hr\/izdelek\/zracni-odsisni-ventil-ve-1\/\" \/>\n<meta property=\"og:site_name\" content=\"Trgo Mokk shop\" \/>\n<meta property=\"article:modified_time\" content=\"2024-11-28T12:26:43+00:00\" \/>\n<meta property=\"og:image\" content=\"https:\/\/www.trgo-mokk-shop.si\/wp-content\/uploads\/2020\/12\/ventil_za_prezracevanje.jpg\" \/>\n\t<meta property=\"og:image:width\" content=\"2494\" \/>\n\t<meta property=\"og:image:height\" content=\"2488\" \/>\n\t<meta property=\"og:image:type\" content=\"image\/jpeg\" \/>\n<meta name=\"twitter:card\" content=\"summary_large_image\" \/>\n<meta name=\"twitter:label1\" content=\"Procijenjeno vrijeme \u010ditanja\" \/>\n\t<meta name=\"twitter:data1\" content=\"2 minute\" \/>\n<script type=\"application\/ld+json\" class=\"yoast-schema-graph\">{\"@context\":\"https:\\\/\\\/schema.org\",\"@graph\":[{\"@type\":\"WebPage\",\"@id\":\"https:\\\/\\\/www.trgo-mokk-shop.si\\\/hr\\\/izdelek\\\/zracni-odsisni-ventil-ve-1\\\/\",\"url\":\"https:\\\/\\\/www.trgo-mokk-shop.si\\\/hr\\\/izdelek\\\/zracni-odsisni-ventil-ve-1\\\/\",\"name\":\"Zra\u010dni odsisni ventil VE-1 \\\/ NA ZALIHI\",\"isPartOf\":{\"@id\":\"https:\\\/\\\/www.trgo-mokk-shop.si\\\/hr\\\/#website\"},\"primaryImageOfPage\":{\"@id\":\"https:\\\/\\\/www.trgo-mokk-shop.si\\\/hr\\\/izdelek\\\/zracni-odsisni-ventil-ve-1\\\/#primaryimage\"},\"image\":{\"@id\":\"https:\\\/\\\/www.trgo-mokk-shop.si\\\/hr\\\/izdelek\\\/zracni-odsisni-ventil-ve-1\\\/#primaryimage\"},\"thumbnailUrl\":\"https:\\\/\\\/www.trgo-mokk-shop.si\\\/wp-content\\\/uploads\\\/2020\\\/12\\\/ventil_za_prezracevanje.jpg\",\"datePublished\":\"2020-12-22T06:12:37+00:00\",\"dateModified\":\"2024-11-28T12:26:43+00:00\",\"description\":\"Zra\u010dni odsisni ventil VE-1 se koristi za odvod zraka iz kupaonica, sanitarnih i slicnih prostorija. Na zalihi. Po povoljnim cijenama\",\"breadcrumb\":{\"@id\":\"https:\\\/\\\/www.trgo-mokk-shop.si\\\/hr\\\/izdelek\\\/zracni-odsisni-ventil-ve-1\\\/#breadcrumb\"},\"inLanguage\":\"hr\",\"potentialAction\":[{\"@type\":\"ReadAction\",\"target\":[\"https:\\\/\\\/www.trgo-mokk-shop.si\\\/hr\\\/izdelek\\\/zracni-odsisni-ventil-ve-1\\\/\"]}]},{\"@type\":\"ImageObject\",\"inLanguage\":\"hr\",\"@id\":\"https:\\\/\\\/www.trgo-mokk-shop.si\\\/hr\\\/izdelek\\\/zracni-odsisni-ventil-ve-1\\\/#primaryimage\",\"url\":\"https:\\\/\\\/www.trgo-mokk-shop.si\\\/wp-content\\\/uploads\\\/2020\\\/12\\\/ventil_za_prezracevanje.jpg\",\"contentUrl\":\"https:\\\/\\\/www.trgo-mokk-shop.si\\\/wp-content\\\/uploads\\\/2020\\\/12\\\/ventil_za_prezracevanje.jpg\",\"width\":2494,\"height\":2488},{\"@type\":\"BreadcrumbList\",\"@id\":\"https:\\\/\\\/www.trgo-mokk-shop.si\\\/hr\\\/izdelek\\\/zracni-odsisni-ventil-ve-1\\\/#breadcrumb\",\"itemListElement\":[{\"@type\":\"ListItem\",\"position\":1,\"name\":\"Domov\",\"item\":\"https:\\\/\\\/www.trgo-mokk-shop.si\\\/hr\\\/\"},{\"@type\":\"ListItem\",\"position\":2,\"name\":\"Shop\",\"item\":\"https:\\\/\\\/www.trgo-mokk-shop.si\\\/hr\\\/shop\\\/\"},{\"@type\":\"ListItem\",\"position\":3,\"name\":\"Zra\u010dni odsisni ventil VE-1\"}]},{\"@type\":\"WebSite\",\"@id\":\"https:\\\/\\\/www.trgo-mokk-shop.si\\\/hr\\\/#website\",\"url\":\"https:\\\/\\\/www.trgo-mokk-shop.si\\\/hr\\\/\",\"name\":\"Trgo Mokk shop\",\"description\":\"\",\"publisher\":{\"@id\":\"https:\\\/\\\/www.trgo-mokk-shop.si\\\/hr\\\/#organization\"},\"potentialAction\":[{\"@type\":\"SearchAction\",\"target\":{\"@type\":\"EntryPoint\",\"urlTemplate\":\"https:\\\/\\\/www.trgo-mokk-shop.si\\\/hr\\\/?s={search_term_string}\"},\"query-input\":{\"@type\":\"PropertyValueSpecification\",\"valueRequired\":true,\"valueName\":\"search_term_string\"}}],\"inLanguage\":\"hr\"},{\"@type\":\"Organization\",\"@id\":\"https:\\\/\\\/www.trgo-mokk-shop.si\\\/hr\\\/#organization\",\"name\":\"Trgo Mokk\",\"url\":\"https:\\\/\\\/www.trgo-mokk-shop.si\\\/hr\\\/\",\"logo\":{\"@type\":\"ImageObject\",\"inLanguage\":\"hr\",\"@id\":\"https:\\\/\\\/www.trgo-mokk-shop.si\\\/hr\\\/#\\\/schema\\\/logo\\\/image\\\/\",\"url\":\"https:\\\/\\\/www.trgo-mokk-shop.si\\\/wp-content\\\/uploads\\\/2021\\\/01\\\/index.png\",\"contentUrl\":\"https:\\\/\\\/www.trgo-mokk-shop.si\\\/wp-content\\\/uploads\\\/2021\\\/01\\\/index.png\",\"width\":200,\"height\":200,\"caption\":\"Trgo Mokk\"},\"image\":{\"@id\":\"https:\\\/\\\/www.trgo-mokk-shop.si\\\/hr\\\/#\\\/schema\\\/logo\\\/image\\\/\"}}]}<\/script>\n<!-- \/ Yoast SEO plugin. -->","yoast_head_json":{"title":"Zra\u010dni odsisni ventil VE-1 \/ NA ZALIHI","description":"Zra\u010dni odsisni ventil VE-1 se koristi za odvod zraka iz kupaonica, sanitarnih i slicnih prostorija. Na zalihi. Po povoljnim cijenama","robots":{"index":"index","follow":"follow","max-snippet":"max-snippet:-1","max-image-preview":"max-image-preview:large","max-video-preview":"max-video-preview:-1"},"canonical":"https:\/\/www.trgo-mokk-shop.si\/hr\/izdelek\/zracni-odsisni-ventil-ve-1\/","og_locale":"hr_HR","og_type":"article","og_title":"Zra\u010dni odsisni ventil VE-1 \/ NA ZALIHI","og_description":"Zra\u010dni odsisni ventil VE-1 se koristi za odvod zraka iz kupaonica, sanitarnih i slicnih prostorija. Na zalihi. Po povoljnim cijenama","og_url":"https:\/\/www.trgo-mokk-shop.si\/hr\/izdelek\/zracni-odsisni-ventil-ve-1\/","og_site_name":"Trgo Mokk shop","article_modified_time":"2024-11-28T12:26:43+00:00","og_image":[{"width":2494,"height":2488,"url":"https:\/\/www.trgo-mokk-shop.si\/wp-content\/uploads\/2020\/12\/ventil_za_prezracevanje.jpg","type":"image\/jpeg"}],"twitter_card":"summary_large_image","twitter_misc":{"Procijenjeno vrijeme \u010ditanja":"2 minute"},"schema":{"@context":"https:\/\/schema.org","@graph":[{"@type":"WebPage","@id":"https:\/\/www.trgo-mokk-shop.si\/hr\/izdelek\/zracni-odsisni-ventil-ve-1\/","url":"https:\/\/www.trgo-mokk-shop.si\/hr\/izdelek\/zracni-odsisni-ventil-ve-1\/","name":"Zra\u010dni odsisni ventil VE-1 \/ NA ZALIHI","isPartOf":{"@id":"https:\/\/www.trgo-mokk-shop.si\/hr\/#website"},"primaryImageOfPage":{"@id":"https:\/\/www.trgo-mokk-shop.si\/hr\/izdelek\/zracni-odsisni-ventil-ve-1\/#primaryimage"},"image":{"@id":"https:\/\/www.trgo-mokk-shop.si\/hr\/izdelek\/zracni-odsisni-ventil-ve-1\/#primaryimage"},"thumbnailUrl":"https:\/\/www.trgo-mokk-shop.si\/wp-content\/uploads\/2020\/12\/ventil_za_prezracevanje.jpg","datePublished":"2020-12-22T06:12:37+00:00","dateModified":"2024-11-28T12:26:43+00:00","description":"Zra\u010dni odsisni ventil VE-1 se koristi za odvod zraka iz kupaonica, sanitarnih i slicnih prostorija. Na zalihi. Po povoljnim cijenama","breadcrumb":{"@id":"https:\/\/www.trgo-mokk-shop.si\/hr\/izdelek\/zracni-odsisni-ventil-ve-1\/#breadcrumb"},"inLanguage":"hr","potentialAction":[{"@type":"ReadAction","target":["https:\/\/www.trgo-mokk-shop.si\/hr\/izdelek\/zracni-odsisni-ventil-ve-1\/"]}]},{"@type":"ImageObject","inLanguage":"hr","@id":"https:\/\/www.trgo-mokk-shop.si\/hr\/izdelek\/zracni-odsisni-ventil-ve-1\/#primaryimage","url":"https:\/\/www.trgo-mokk-shop.si\/wp-content\/uploads\/2020\/12\/ventil_za_prezracevanje.jpg","contentUrl":"https:\/\/www.trgo-mokk-shop.si\/wp-content\/uploads\/2020\/12\/ventil_za_prezracevanje.jpg","width":2494,"height":2488},{"@type":"BreadcrumbList","@id":"https:\/\/www.trgo-mokk-shop.si\/hr\/izdelek\/zracni-odsisni-ventil-ve-1\/#breadcrumb","itemListElement":[{"@type":"ListItem","position":1,"name":"Domov","item":"https:\/\/www.trgo-mokk-shop.si\/hr\/"},{"@type":"ListItem","position":2,"name":"Shop","item":"https:\/\/www.trgo-mokk-shop.si\/hr\/shop\/"},{"@type":"ListItem","position":3,"name":"Zra\u010dni odsisni ventil VE-1"}]},{"@type":"WebSite","@id":"https:\/\/www.trgo-mokk-shop.si\/hr\/#website","url":"https:\/\/www.trgo-mokk-shop.si\/hr\/","name":"Trgo Mokk shop","description":"","publisher":{"@id":"https:\/\/www.trgo-mokk-shop.si\/hr\/#organization"},"potentialAction":[{"@type":"SearchAction","target":{"@type":"EntryPoint","urlTemplate":"https:\/\/www.trgo-mokk-shop.si\/hr\/?s={search_term_string}"},"query-input":{"@type":"PropertyValueSpecification","valueRequired":true,"valueName":"search_term_string"}}],"inLanguage":"hr"},{"@type":"Organization","@id":"https:\/\/www.trgo-mokk-shop.si\/hr\/#organization","name":"Trgo Mokk","url":"https:\/\/www.trgo-mokk-shop.si\/hr\/","logo":{"@type":"ImageObject","inLanguage":"hr","@id":"https:\/\/www.trgo-mokk-shop.si\/hr\/#\/schema\/logo\/image\/","url":"https:\/\/www.trgo-mokk-shop.si\/wp-content\/uploads\/2021\/01\/index.png","contentUrl":"https:\/\/www.trgo-mokk-shop.si\/wp-content\/uploads\/2021\/01\/index.png","width":200,"height":200,"caption":"Trgo Mokk"},"image":{"@id":"https:\/\/www.trgo-mokk-shop.si\/hr\/#\/schema\/logo\/image\/"}}]}},"_links":{"self":[{"href":"https:\/\/www.trgo-mokk-shop.si\/hr\/wp-json\/wp\/v2\/product\/3880","targetHints":{"allow":["GET"]}}],"collection":[{"href":"https:\/\/www.trgo-mokk-shop.si\/hr\/wp-json\/wp\/v2\/product"}],"about":[{"href":"https:\/\/www.trgo-mokk-shop.si\/hr\/wp-json\/wp\/v2\/types\/product"}],"replies":[{"embeddable":true,"href":"https:\/\/www.trgo-mokk-shop.si\/hr\/wp-json\/wp\/v2\/comments?post=3880"}],"wp:featuredmedia":[{"embeddable":true,"href":"https:\/\/www.trgo-mokk-shop.si\/hr\/wp-json\/wp\/v2\/media\/3086"}],"wp:attachment":[{"href":"https:\/\/www.trgo-mokk-shop.si\/hr\/wp-json\/wp\/v2\/media?parent=3880"}],"wp:term":[{"taxonomy":"product_brand","embeddable":true,"href":"https:\/\/www.trgo-mokk-shop.si\/hr\/wp-json\/wp\/v2\/product_brand?post=3880"},{"taxonomy":"product_cat","embeddable":true,"href":"https:\/\/www.trgo-mokk-shop.si\/hr\/wp-json\/wp\/v2\/product_cat?post=3880"},{"taxonomy":"product_tag","embeddable":true,"href":"https:\/\/www.trgo-mokk-shop.si\/hr\/wp-json\/wp\/v2\/product_tag?post=3880"}],"curies":[{"name":"wp","href":"https:\/\/api.w.org\/{rel}","templated":true}]}}