{"id":3759,"date":"2020-12-23T09:05:26","date_gmt":"2020-12-23T08:05:26","guid":{"rendered":"https:\/\/www.trgo-mokk-shop.si\/izdelek\/fasadne-prezracevalne-resetke-rpl-4\/"},"modified":"2024-10-10T16:13:32","modified_gmt":"2024-10-10T14:13:32","slug":"ventilacijske-resetke-za-fasadu-rpl-4","status":"publish","type":"product","link":"https:\/\/www.trgo-mokk-shop.si\/hr\/izdelek\/ventilacijske-resetke-za-fasadu-rpl-4\/","title":{"rendered":"Ventilacijske re\u0161etke za fasadu RPL-4"},"content":{"rendered":"<h2><strong>Opis fasadne re\u0161etke:<\/strong><\/h2>\n<p>Ventilacijske re\u0161etke za fasadu RPL-4 se montiraju na fasadu na otvore za dovod i odvod zraka.<br \/>\nSvrha <a href=\"http:\/\/trgo-mokk.si\/zracnik-za-fasado\/\" target=\"_blank\" rel=\"noopener\">fasadnih ventilacijskih re\u0161etka<\/a> je za\u0161tita od vanjskih utjecaja: ki\u0161e, manjih \u017eivotinja, insekata, itd.<\/p>\n<p>Mo\u017eemo izraditi svaku dimenziju prema va\u0161im \u017eeljama. Ono \u0161to nam je potrebno od vas je dimenzija otvora koji imate u zidu oz.. v fasadi.<\/p>\n<p><a href=\"http:\/\/trgo-mokk.si\/zracnik-za-fasado\/\" target=\"_blank\" rel=\"noopener\"><img loading=\"lazy\" decoding=\"async\" class=\"alignnone size-full wp-image-1625\" src=\"https:\/\/www.trgo-mokk-shop.si\/wp-content\/uploads\/2022\/12\/fasadna-resetka-RPL-4-referenca.jpg\" alt=\"Protuki\u0161na re\u0161etka za ventilaciju RPL-4 vgra\u0111ena u ku\u010du\" width=\"400\" height=\"533\"><\/a><\/p>\n<h2><strong>Sastavni dijelovi<\/strong><strong style=\"font-size: 23.04px;\"><a href=\"https:\/\/www.trgo-mokk-shop.si\/hr\/kategorija-izdelka\/elementi-za-distribuciju-i-regulaciju-zraka\/protukisne-resetke\/\"> fasadnih re\u0161etka za ventilaciju<\/a>:<\/strong><\/h2>\n<ul>\n<li>Nosivi okvir<\/li>\n<li>Horizontalne fiksne lamele<\/li>\n<li>Za\u0161titna mre\u017ea<\/li>\n<li>Odkapna lamela<\/li>\n<\/ul>\n<h2><strong>\u041caterial:<\/strong><\/h2>\n<p>Eloksiran aluminij<\/p>\n<h2><strong>Boja:<\/strong><\/h2>\n<p>Re\u0161etka je anodizirana u prirodnoj boji aluminijuma<\/p>\n<h2><strong>Ugradnja fasadne re\u0161etke za ventilaciju:<\/strong><\/h2>\n<p>Ugradnja s vijcima direktno na steno.<\/p>\n<p><img loading=\"lazy\" decoding=\"async\" class=\"alignnone wp-image-1186\" src=\"https:\/\/www.trgo-mokk-shop.si\/wp-content\/uploads\/2020\/12\/vgradnja_RPL-4.jpg\" alt=\"\" width=\"700\" height=\"311\"><\/p>\n<h2><strong>Ventilacijske re\u0161etke za fasadu &#8211; standardne veli\u010dine:<\/strong><\/h2>\n<p><img loading=\"lazy\" decoding=\"async\" class=\"alignnone wp-image-1054 size-full\" src=\"https:\/\/www.trgo-mokk-shop.si\/wp-content\/uploads\/2020\/12\/DIMENZIJE-RPL-4.jpg\" alt=\"\" width=\"995\" height=\"143\"><\/p>\n<h2><strong>Oznaka za narud\u017ebu fasadnih re\u0161etka za ventilaciju:<\/strong><\/h2>\n<p><img loading=\"lazy\" decoding=\"async\" class=\"alignnone wp-image-1429\" src=\"https:\/\/www.trgo-mokk-shop.si\/wp-content\/uploads\/2020\/12\/rpl4.jpg\" alt=\"\" width=\"628\" height=\"414\"><\/p>\n<p>Niste sigurni \u0161to trebate?<br \/>\nTu <a href=\"https:\/\/www.trgo-mokk.si\/\" target=\"_blank\" rel=\"noopener\">smo<\/a> za vas.<\/p>\n<p>Za pomo\u0107 i savjet uvijek nas mo\u017eete nazvati na <strong>+386 51 674 130 (Melita)<\/strong> ili nam pisati na <strong>info@trgo-mokk.si<\/strong>.<\/p>\n<p>&nbsp;<\/p>\n","protected":false},"excerpt":{"rendered":"<p>Ventilacijske re\u0161etke za fasadu RPL-4 se montiraju na fasadu na otvore za dovod i odvod zraka. Svrha fasadnih ventilacijskih re\u0161etka je za\u0161tita od vanjskih utjecaja: ki\u0161e, manjih \u017eivotinja, insekata, itd.<\/p>\n","protected":false},"featured_media":3034,"comment_status":"open","ping_status":"closed","template":"","meta":[],"product_brand":[],"product_cat":[117,118],"product_tag":[],"class_list":{"0":"post-3759","1":"product","2":"type-product","3":"status-publish","4":"has-post-thumbnail","6":"product_cat-elementi-za-distribuciju-i-regulaciju-zraka","7":"product_cat-protukisne-resetke","9":"first","10":"instock","11":"taxable","12":"shipping-taxable","13":"purchasable","14":"product-type-variable"},"yoast_head":"<!-- This site is optimized with the Yoast SEO plugin v27.4 - https:\/\/yoast.com\/product\/yoast-seo-wordpress\/ -->\n<title>Ventilacijske re\u0161etke za fasadu RPL-4 | prema va\u0161im \u017eeljama<\/title>\n<meta name=\"description\" content=\"Ventilacijske re\u0161etke za fasadu RPL-4 izra\u0111ujemo po dimenzijama otvora u fasadi. Izvanredna kvaliteta. Odzivnost i kratki rokovi isporuke.\" \/>\n<meta name=\"robots\" content=\"index, follow, max-snippet:-1, max-image-preview:large, max-video-preview:-1\" \/>\n<link rel=\"canonical\" href=\"https:\/\/www.trgo-mokk-shop.si\/hr\/izdelek\/ventilacijske-resetke-za-fasadu-rpl-4\/\" \/>\n<meta property=\"og:locale\" content=\"hr_HR\" \/>\n<meta property=\"og:type\" content=\"article\" \/>\n<meta property=\"og:title\" content=\"Ventilacijske re\u0161etke za fasadu RPL-4 | prema va\u0161im \u017eeljama\" \/>\n<meta property=\"og:description\" content=\"Ventilacijske re\u0161etke za fasadu RPL-4 izra\u0111ujemo po dimenzijama otvora u fasadi. Izvanredna kvaliteta. Odzivnost i kratki rokovi isporuke.\" \/>\n<meta property=\"og:url\" content=\"https:\/\/www.trgo-mokk-shop.si\/hr\/izdelek\/ventilacijske-resetke-za-fasadu-rpl-4\/\" \/>\n<meta property=\"og:site_name\" content=\"Trgo Mokk shop\" \/>\n<meta property=\"article:modified_time\" content=\"2024-10-10T14:13:32+00:00\" \/>\n<meta property=\"og:image\" content=\"https:\/\/www.trgo-mokk-shop.si\/wp-content\/uploads\/2022\/12\/Fasadna-prezracevalna-resetka-RPL-4.png\" \/>\n\t<meta property=\"og:image:width\" content=\"400\" \/>\n\t<meta property=\"og:image:height\" content=\"400\" \/>\n\t<meta property=\"og:image:type\" content=\"image\/png\" \/>\n<meta name=\"twitter:card\" content=\"summary_large_image\" \/>\n<meta name=\"twitter:label1\" content=\"Procijenjeno vrijeme \u010ditanja\" \/>\n\t<meta name=\"twitter:data1\" content=\"2 minute\" \/>\n<script type=\"application\/ld+json\" class=\"yoast-schema-graph\">{\"@context\":\"https:\\\/\\\/schema.org\",\"@graph\":[{\"@type\":\"WebPage\",\"@id\":\"https:\\\/\\\/www.trgo-mokk-shop.si\\\/hr\\\/izdelek\\\/ventilacijske-resetke-za-fasadu-rpl-4\\\/\",\"url\":\"https:\\\/\\\/www.trgo-mokk-shop.si\\\/hr\\\/izdelek\\\/ventilacijske-resetke-za-fasadu-rpl-4\\\/\",\"name\":\"Ventilacijske re\u0161etke za fasadu RPL-4 | prema va\u0161im \u017eeljama\",\"isPartOf\":{\"@id\":\"https:\\\/\\\/www.trgo-mokk-shop.si\\\/hr\\\/#website\"},\"primaryImageOfPage\":{\"@id\":\"https:\\\/\\\/www.trgo-mokk-shop.si\\\/hr\\\/izdelek\\\/ventilacijske-resetke-za-fasadu-rpl-4\\\/#primaryimage\"},\"image\":{\"@id\":\"https:\\\/\\\/www.trgo-mokk-shop.si\\\/hr\\\/izdelek\\\/ventilacijske-resetke-za-fasadu-rpl-4\\\/#primaryimage\"},\"thumbnailUrl\":\"https:\\\/\\\/www.trgo-mokk-shop.si\\\/wp-content\\\/uploads\\\/2022\\\/12\\\/Fasadna-prezracevalna-resetka-RPL-4.png\",\"datePublished\":\"2020-12-23T08:05:26+00:00\",\"dateModified\":\"2024-10-10T14:13:32+00:00\",\"description\":\"Ventilacijske re\u0161etke za fasadu RPL-4 izra\u0111ujemo po dimenzijama otvora u fasadi. Izvanredna kvaliteta. Odzivnost i kratki rokovi isporuke.\",\"breadcrumb\":{\"@id\":\"https:\\\/\\\/www.trgo-mokk-shop.si\\\/hr\\\/izdelek\\\/ventilacijske-resetke-za-fasadu-rpl-4\\\/#breadcrumb\"},\"inLanguage\":\"hr\",\"potentialAction\":[{\"@type\":\"ReadAction\",\"target\":[\"https:\\\/\\\/www.trgo-mokk-shop.si\\\/hr\\\/izdelek\\\/ventilacijske-resetke-za-fasadu-rpl-4\\\/\"]}]},{\"@type\":\"ImageObject\",\"inLanguage\":\"hr\",\"@id\":\"https:\\\/\\\/www.trgo-mokk-shop.si\\\/hr\\\/izdelek\\\/ventilacijske-resetke-za-fasadu-rpl-4\\\/#primaryimage\",\"url\":\"https:\\\/\\\/www.trgo-mokk-shop.si\\\/wp-content\\\/uploads\\\/2022\\\/12\\\/Fasadna-prezracevalna-resetka-RPL-4.png\",\"contentUrl\":\"https:\\\/\\\/www.trgo-mokk-shop.si\\\/wp-content\\\/uploads\\\/2022\\\/12\\\/Fasadna-prezracevalna-resetka-RPL-4.png\",\"width\":400,\"height\":400,\"caption\":\"Ventilacijska re\u0161etka za fasadu RPL-4 bez rupa za ugradnju\"},{\"@type\":\"BreadcrumbList\",\"@id\":\"https:\\\/\\\/www.trgo-mokk-shop.si\\\/hr\\\/izdelek\\\/ventilacijske-resetke-za-fasadu-rpl-4\\\/#breadcrumb\",\"itemListElement\":[{\"@type\":\"ListItem\",\"position\":1,\"name\":\"Domov\",\"item\":\"https:\\\/\\\/www.trgo-mokk-shop.si\\\/hr\\\/\"},{\"@type\":\"ListItem\",\"position\":2,\"name\":\"Shop\",\"item\":\"https:\\\/\\\/www.trgo-mokk-shop.si\\\/hr\\\/shop\\\/\"},{\"@type\":\"ListItem\",\"position\":3,\"name\":\"Ventilacijske re\u0161etke za fasadu RPL-4\"}]},{\"@type\":\"WebSite\",\"@id\":\"https:\\\/\\\/www.trgo-mokk-shop.si\\\/hr\\\/#website\",\"url\":\"https:\\\/\\\/www.trgo-mokk-shop.si\\\/hr\\\/\",\"name\":\"Trgo Mokk shop\",\"description\":\"\",\"publisher\":{\"@id\":\"https:\\\/\\\/www.trgo-mokk-shop.si\\\/hr\\\/#organization\"},\"potentialAction\":[{\"@type\":\"SearchAction\",\"target\":{\"@type\":\"EntryPoint\",\"urlTemplate\":\"https:\\\/\\\/www.trgo-mokk-shop.si\\\/hr\\\/?s={search_term_string}\"},\"query-input\":{\"@type\":\"PropertyValueSpecification\",\"valueRequired\":true,\"valueName\":\"search_term_string\"}}],\"inLanguage\":\"hr\"},{\"@type\":\"Organization\",\"@id\":\"https:\\\/\\\/www.trgo-mokk-shop.si\\\/hr\\\/#organization\",\"name\":\"Trgo Mokk\",\"url\":\"https:\\\/\\\/www.trgo-mokk-shop.si\\\/hr\\\/\",\"logo\":{\"@type\":\"ImageObject\",\"inLanguage\":\"hr\",\"@id\":\"https:\\\/\\\/www.trgo-mokk-shop.si\\\/hr\\\/#\\\/schema\\\/logo\\\/image\\\/\",\"url\":\"https:\\\/\\\/www.trgo-mokk-shop.si\\\/wp-content\\\/uploads\\\/2021\\\/01\\\/index.png\",\"contentUrl\":\"https:\\\/\\\/www.trgo-mokk-shop.si\\\/wp-content\\\/uploads\\\/2021\\\/01\\\/index.png\",\"width\":200,\"height\":200,\"caption\":\"Trgo Mokk\"},\"image\":{\"@id\":\"https:\\\/\\\/www.trgo-mokk-shop.si\\\/hr\\\/#\\\/schema\\\/logo\\\/image\\\/\"}}]}<\/script>\n<!-- \/ Yoast SEO plugin. -->","yoast_head_json":{"title":"Ventilacijske re\u0161etke za fasadu RPL-4 | prema va\u0161im \u017eeljama","description":"Ventilacijske re\u0161etke za fasadu RPL-4 izra\u0111ujemo po dimenzijama otvora u fasadi. Izvanredna kvaliteta. Odzivnost i kratki rokovi isporuke.","robots":{"index":"index","follow":"follow","max-snippet":"max-snippet:-1","max-image-preview":"max-image-preview:large","max-video-preview":"max-video-preview:-1"},"canonical":"https:\/\/www.trgo-mokk-shop.si\/hr\/izdelek\/ventilacijske-resetke-za-fasadu-rpl-4\/","og_locale":"hr_HR","og_type":"article","og_title":"Ventilacijske re\u0161etke za fasadu RPL-4 | prema va\u0161im \u017eeljama","og_description":"Ventilacijske re\u0161etke za fasadu RPL-4 izra\u0111ujemo po dimenzijama otvora u fasadi. Izvanredna kvaliteta. Odzivnost i kratki rokovi isporuke.","og_url":"https:\/\/www.trgo-mokk-shop.si\/hr\/izdelek\/ventilacijske-resetke-za-fasadu-rpl-4\/","og_site_name":"Trgo Mokk shop","article_modified_time":"2024-10-10T14:13:32+00:00","og_image":[{"width":400,"height":400,"url":"https:\/\/www.trgo-mokk-shop.si\/wp-content\/uploads\/2022\/12\/Fasadna-prezracevalna-resetka-RPL-4.png","type":"image\/png"}],"twitter_card":"summary_large_image","twitter_misc":{"Procijenjeno vrijeme \u010ditanja":"2 minute"},"schema":{"@context":"https:\/\/schema.org","@graph":[{"@type":"WebPage","@id":"https:\/\/www.trgo-mokk-shop.si\/hr\/izdelek\/ventilacijske-resetke-za-fasadu-rpl-4\/","url":"https:\/\/www.trgo-mokk-shop.si\/hr\/izdelek\/ventilacijske-resetke-za-fasadu-rpl-4\/","name":"Ventilacijske re\u0161etke za fasadu RPL-4 | prema va\u0161im \u017eeljama","isPartOf":{"@id":"https:\/\/www.trgo-mokk-shop.si\/hr\/#website"},"primaryImageOfPage":{"@id":"https:\/\/www.trgo-mokk-shop.si\/hr\/izdelek\/ventilacijske-resetke-za-fasadu-rpl-4\/#primaryimage"},"image":{"@id":"https:\/\/www.trgo-mokk-shop.si\/hr\/izdelek\/ventilacijske-resetke-za-fasadu-rpl-4\/#primaryimage"},"thumbnailUrl":"https:\/\/www.trgo-mokk-shop.si\/wp-content\/uploads\/2022\/12\/Fasadna-prezracevalna-resetka-RPL-4.png","datePublished":"2020-12-23T08:05:26+00:00","dateModified":"2024-10-10T14:13:32+00:00","description":"Ventilacijske re\u0161etke za fasadu RPL-4 izra\u0111ujemo po dimenzijama otvora u fasadi. Izvanredna kvaliteta. Odzivnost i kratki rokovi isporuke.","breadcrumb":{"@id":"https:\/\/www.trgo-mokk-shop.si\/hr\/izdelek\/ventilacijske-resetke-za-fasadu-rpl-4\/#breadcrumb"},"inLanguage":"hr","potentialAction":[{"@type":"ReadAction","target":["https:\/\/www.trgo-mokk-shop.si\/hr\/izdelek\/ventilacijske-resetke-za-fasadu-rpl-4\/"]}]},{"@type":"ImageObject","inLanguage":"hr","@id":"https:\/\/www.trgo-mokk-shop.si\/hr\/izdelek\/ventilacijske-resetke-za-fasadu-rpl-4\/#primaryimage","url":"https:\/\/www.trgo-mokk-shop.si\/wp-content\/uploads\/2022\/12\/Fasadna-prezracevalna-resetka-RPL-4.png","contentUrl":"https:\/\/www.trgo-mokk-shop.si\/wp-content\/uploads\/2022\/12\/Fasadna-prezracevalna-resetka-RPL-4.png","width":400,"height":400,"caption":"Ventilacijska re\u0161etka za fasadu RPL-4 bez rupa za ugradnju"},{"@type":"BreadcrumbList","@id":"https:\/\/www.trgo-mokk-shop.si\/hr\/izdelek\/ventilacijske-resetke-za-fasadu-rpl-4\/#breadcrumb","itemListElement":[{"@type":"ListItem","position":1,"name":"Domov","item":"https:\/\/www.trgo-mokk-shop.si\/hr\/"},{"@type":"ListItem","position":2,"name":"Shop","item":"https:\/\/www.trgo-mokk-shop.si\/hr\/shop\/"},{"@type":"ListItem","position":3,"name":"Ventilacijske re\u0161etke za fasadu RPL-4"}]},{"@type":"WebSite","@id":"https:\/\/www.trgo-mokk-shop.si\/hr\/#website","url":"https:\/\/www.trgo-mokk-shop.si\/hr\/","name":"Trgo Mokk shop","description":"","publisher":{"@id":"https:\/\/www.trgo-mokk-shop.si\/hr\/#organization"},"potentialAction":[{"@type":"SearchAction","target":{"@type":"EntryPoint","urlTemplate":"https:\/\/www.trgo-mokk-shop.si\/hr\/?s={search_term_string}"},"query-input":{"@type":"PropertyValueSpecification","valueRequired":true,"valueName":"search_term_string"}}],"inLanguage":"hr"},{"@type":"Organization","@id":"https:\/\/www.trgo-mokk-shop.si\/hr\/#organization","name":"Trgo Mokk","url":"https:\/\/www.trgo-mokk-shop.si\/hr\/","logo":{"@type":"ImageObject","inLanguage":"hr","@id":"https:\/\/www.trgo-mokk-shop.si\/hr\/#\/schema\/logo\/image\/","url":"https:\/\/www.trgo-mokk-shop.si\/wp-content\/uploads\/2021\/01\/index.png","contentUrl":"https:\/\/www.trgo-mokk-shop.si\/wp-content\/uploads\/2021\/01\/index.png","width":200,"height":200,"caption":"Trgo Mokk"},"image":{"@id":"https:\/\/www.trgo-mokk-shop.si\/hr\/#\/schema\/logo\/image\/"}}]}},"_links":{"self":[{"href":"https:\/\/www.trgo-mokk-shop.si\/hr\/wp-json\/wp\/v2\/product\/3759","targetHints":{"allow":["GET"]}}],"collection":[{"href":"https:\/\/www.trgo-mokk-shop.si\/hr\/wp-json\/wp\/v2\/product"}],"about":[{"href":"https:\/\/www.trgo-mokk-shop.si\/hr\/wp-json\/wp\/v2\/types\/product"}],"replies":[{"embeddable":true,"href":"https:\/\/www.trgo-mokk-shop.si\/hr\/wp-json\/wp\/v2\/comments?post=3759"}],"wp:featuredmedia":[{"embeddable":true,"href":"https:\/\/www.trgo-mokk-shop.si\/hr\/wp-json\/wp\/v2\/media\/3034"}],"wp:attachment":[{"href":"https:\/\/www.trgo-mokk-shop.si\/hr\/wp-json\/wp\/v2\/media?parent=3759"}],"wp:term":[{"taxonomy":"product_brand","embeddable":true,"href":"https:\/\/www.trgo-mokk-shop.si\/hr\/wp-json\/wp\/v2\/product_brand?post=3759"},{"taxonomy":"product_cat","embeddable":true,"href":"https:\/\/www.trgo-mokk-shop.si\/hr\/wp-json\/wp\/v2\/product_cat?post=3759"},{"taxonomy":"product_tag","embeddable":true,"href":"https:\/\/www.trgo-mokk-shop.si\/hr\/wp-json\/wp\/v2\/product_tag?post=3759"}],"curies":[{"name":"wp","href":"https:\/\/api.w.org\/{rel}","templated":true}]}}