{"id":3686,"date":"2020-12-23T10:14:42","date_gmt":"2020-12-23T09:14:42","guid":{"rendered":"https:\/\/www.trgo-mokk-shop.si\/izdelek\/okrugla-protupozarna-zaklopka-sc\/"},"modified":"2024-11-29T10:49:09","modified_gmt":"2024-11-29T09:49:09","slug":"okrugla-protupozarna-zaklopka-sc","status":"publish","type":"product","link":"https:\/\/www.trgo-mokk-shop.si\/hr\/izdelek\/okrugla-protupozarna-zaklopka-sc\/","title":{"rendered":"Okrugla protupo\u017earna zaklopka SC+"},"content":{"rendered":"<p><strong>OPIS:<\/strong><br \/>\nProtupo\u017earna zaklopka SC+ koristi se za monta\u017eu na kraj ventilacijskog kanala s ciljem spre\u010davanja \u0161irenja po\u017eara du\u017e ventilacijskih kanala.<br \/>\nPrikladna su za ugradnju u masivni zid, stropnu plo\u010du i u laki zid. Namijenjene su unutarnjoj upotrebi.<br \/>\nSC+ su dostupne u dimenzijskom rasponu od 100 do 200 mm.<br \/>\nSC+ su opremljene s termi\u010dkim okida\u010dem.<\/p>\n<p><strong>SESTAVNI DIJELOVI:<\/strong><img loading=\"lazy\" decoding=\"async\" class=\"alignleft wp-image-1381\" src=\"https:\/\/www.trgo-mokk-shop.si\/wp-content\/uploads\/2020\/12\/SC90.jpg\" alt=\"okrugla protupo\u017earna zaklopka\" width=\"234\" height=\"234\"><br \/>\nKu\u0107i\u0161te<br \/>\nDvije polukru\u017ene lamele<br \/>\nIntumescentnog traku<br \/>\nGumijastega tesnila<br \/>\nTermi\u010dkog okida\u010da 72\u00b0C<br \/>\nDvije sigurnosne opruge<br \/>\nKrajni kontakt (opcija)<\/p>\n<p>&nbsp;<\/p>\n<p>&nbsp;<\/p>\n<p><strong>OPIS RADA:<\/strong><br \/>\nProtupo\u017earnu zaklopku dr\u017ei u \u201cotvorenom\u201d polo\u017eaju termi\u010dki okida\u010d.<br \/>\nKada temperatura u kanalu dostigne 72\u00b0C, termi\u010dki okida\u010d popu\u0161ta pod djelovanjem opruge i dva polukru\u017ena lamela zatvaraju zaklopku. Dvije sigurnosni oprugi blokiraju polukru\u017ene lamele u polo\u017eaju zatvoreno, \u0161to sprje\u010dava prolaz dima i plamena.<\/p>\n<p><strong>DODATNA OPREMA:<\/strong><br \/>\n<strong>FCU<\/strong> &#8211; krajni kontakt (zatvoreno)<\/p>\n<p><strong>VATROOTPORNOST:<\/strong><br \/>\nProtupo\u017earne zaklopke SC+ imajo vatrenootpornost do 120 minut.<\/p>\n<p><strong>Ispitane<\/strong> po EN <strong>1366-2<\/strong> na 300Pa.<br \/>\n<strong>Klasificirane <\/strong> prema <strong>EN 13501-3<\/strong>.<br \/>\nProduktni standard <strong>EN 15650.<\/strong><\/p>\n<p><img loading=\"lazy\" decoding=\"async\" class=\"alignnone wp-image-1187\" src=\"https:\/\/www.trgo-mokk-shop.si\/wp-content\/uploads\/2020\/12\/vgradnja_SC.jpg\" alt=\"okrugla protupo\u017earna zaklopka ugradnja\" width=\"450\" height=\"285\"><\/p>\n<h2><strong>Okrugla protupo\u017earna zaklopka DIMENZIJE:<\/strong><\/h2>\n<p><img loading=\"lazy\" decoding=\"async\" class=\"alignnone wp-image-1098\" src=\"https:\/\/www.trgo-mokk-shop.si\/wp-content\/uploads\/2020\/12\/diemnzije.-POZARNE-LOPUTE-SC.jpg\" alt=\"okrugla protupo\u017earna zaklopka dimenzije\" width=\"403\" height=\"273\"><\/p>\n<p><strong>KLJU\u010c ZA NARUD\u017dBU: <\/strong><\/p>\n<p><img loading=\"lazy\" decoding=\"async\" class=\"alignnone wp-image-1430 \" src=\"https:\/\/www.trgo-mokk-shop.si\/wp-content\/uploads\/2020\/12\/sc.jpg\" alt=\"\" width=\"445\" height=\"430\"><\/p>\n","protected":false},"excerpt":{"rendered":"<p>Protupo\u017earne zaklopke SC+ ugra\u0111uju se u ventilacijske kanale na mjestima gdje ventilacijski kanal prelazi preko po\u017earnog sektora sa zada\u0107om sprje\u010davanja \u0161irenja po\u017eara kroz ventilacijske kanale. Prikladna su za ugradnju u masivni zid, stropnu plo\u010du i u laki zid. Namijenjene su unutarnjoj upotrebi.<\/p>\n","protected":false},"featured_media":2146,"comment_status":"open","ping_status":"closed","template":"","meta":[],"product_brand":[],"product_cat":[128,129],"product_tag":[],"class_list":{"0":"post-3686","1":"product","2":"type-product","3":"status-publish","4":"has-post-thumbnail","6":"product_cat-elementi-za-zastitu-od-pozara","7":"product_cat-protupozarne-zaklopke","9":"first","10":"instock","11":"taxable","12":"shipping-taxable","13":"purchasable","14":"product-type-variable"},"yoast_head":"<!-- This site is optimized with the Yoast SEO plugin v27.4 - https:\/\/yoast.com\/product\/yoast-seo-wordpress\/ -->\n<title>Protupo\u017earna zaklopka \/ NA ZALIHI<\/title>\n<meta name=\"description\" content=\"Okrugla protupo\u017earna zaklopka SC+. Prikladne su za ugradnju u masivni zid, stropnu plo\u010du i u laki zid. Za unutarnju upotrebu.\" \/>\n<meta name=\"robots\" content=\"index, follow, max-snippet:-1, max-image-preview:large, max-video-preview:-1\" \/>\n<link rel=\"canonical\" href=\"https:\/\/www.trgo-mokk-shop.si\/hr\/izdelek\/okrugla-protupozarna-zaklopka-sc\/\" \/>\n<meta property=\"og:locale\" content=\"hr_HR\" \/>\n<meta property=\"og:type\" content=\"article\" \/>\n<meta property=\"og:title\" content=\"Protupo\u017earna zaklopka \/ NA ZALIHI\" \/>\n<meta property=\"og:description\" content=\"Okrugla protupo\u017earna zaklopka SC+. Prikladne su za ugradnju u masivni zid, stropnu plo\u010du i u laki zid. Za unutarnju upotrebu.\" \/>\n<meta property=\"og:url\" content=\"https:\/\/www.trgo-mokk-shop.si\/hr\/izdelek\/okrugla-protupozarna-zaklopka-sc\/\" \/>\n<meta property=\"og:site_name\" content=\"Trgo Mokk shop\" \/>\n<meta property=\"article:modified_time\" content=\"2024-11-29T09:49:09+00:00\" \/>\n<meta property=\"og:image\" content=\"https:\/\/www.trgo-mokk-shop.si\/wp-content\/uploads\/2020\/12\/vstavljiva_okrogla_pozarna_loputa.jpg\" \/>\n\t<meta property=\"og:image:width\" content=\"2494\" \/>\n\t<meta property=\"og:image:height\" content=\"2488\" \/>\n\t<meta property=\"og:image:type\" content=\"image\/jpeg\" \/>\n<meta name=\"twitter:card\" content=\"summary_large_image\" \/>\n<meta name=\"twitter:label1\" content=\"Procijenjeno vrijeme \u010ditanja\" \/>\n\t<meta name=\"twitter:data1\" content=\"1 minuta\" \/>\n<script type=\"application\/ld+json\" class=\"yoast-schema-graph\">{\"@context\":\"https:\\\/\\\/schema.org\",\"@graph\":[{\"@type\":\"WebPage\",\"@id\":\"https:\\\/\\\/www.trgo-mokk-shop.si\\\/hr\\\/izdelek\\\/okrugla-protupozarna-zaklopka-sc\\\/\",\"url\":\"https:\\\/\\\/www.trgo-mokk-shop.si\\\/hr\\\/izdelek\\\/okrugla-protupozarna-zaklopka-sc\\\/\",\"name\":\"Protupo\u017earna zaklopka \\\/ NA ZALIHI\",\"isPartOf\":{\"@id\":\"https:\\\/\\\/www.trgo-mokk-shop.si\\\/hr\\\/#website\"},\"primaryImageOfPage\":{\"@id\":\"https:\\\/\\\/www.trgo-mokk-shop.si\\\/hr\\\/izdelek\\\/okrugla-protupozarna-zaklopka-sc\\\/#primaryimage\"},\"image\":{\"@id\":\"https:\\\/\\\/www.trgo-mokk-shop.si\\\/hr\\\/izdelek\\\/okrugla-protupozarna-zaklopka-sc\\\/#primaryimage\"},\"thumbnailUrl\":\"https:\\\/\\\/www.trgo-mokk-shop.si\\\/wp-content\\\/uploads\\\/2020\\\/12\\\/vstavljiva_okrogla_pozarna_loputa.jpg\",\"datePublished\":\"2020-12-23T09:14:42+00:00\",\"dateModified\":\"2024-11-29T09:49:09+00:00\",\"description\":\"Okrugla protupo\u017earna zaklopka SC+. Prikladne su za ugradnju u masivni zid, stropnu plo\u010du i u laki zid. Za unutarnju upotrebu.\",\"breadcrumb\":{\"@id\":\"https:\\\/\\\/www.trgo-mokk-shop.si\\\/hr\\\/izdelek\\\/okrugla-protupozarna-zaklopka-sc\\\/#breadcrumb\"},\"inLanguage\":\"hr\",\"potentialAction\":[{\"@type\":\"ReadAction\",\"target\":[\"https:\\\/\\\/www.trgo-mokk-shop.si\\\/hr\\\/izdelek\\\/okrugla-protupozarna-zaklopka-sc\\\/\"]}]},{\"@type\":\"ImageObject\",\"inLanguage\":\"hr\",\"@id\":\"https:\\\/\\\/www.trgo-mokk-shop.si\\\/hr\\\/izdelek\\\/okrugla-protupozarna-zaklopka-sc\\\/#primaryimage\",\"url\":\"https:\\\/\\\/www.trgo-mokk-shop.si\\\/wp-content\\\/uploads\\\/2020\\\/12\\\/vstavljiva_okrogla_pozarna_loputa.jpg\",\"contentUrl\":\"https:\\\/\\\/www.trgo-mokk-shop.si\\\/wp-content\\\/uploads\\\/2020\\\/12\\\/vstavljiva_okrogla_pozarna_loputa.jpg\",\"width\":2494,\"height\":2488},{\"@type\":\"BreadcrumbList\",\"@id\":\"https:\\\/\\\/www.trgo-mokk-shop.si\\\/hr\\\/izdelek\\\/okrugla-protupozarna-zaklopka-sc\\\/#breadcrumb\",\"itemListElement\":[{\"@type\":\"ListItem\",\"position\":1,\"name\":\"Domov\",\"item\":\"https:\\\/\\\/www.trgo-mokk-shop.si\\\/hr\\\/\"},{\"@type\":\"ListItem\",\"position\":2,\"name\":\"Shop\",\"item\":\"https:\\\/\\\/www.trgo-mokk-shop.si\\\/hr\\\/shop\\\/\"},{\"@type\":\"ListItem\",\"position\":3,\"name\":\"Okrugla protupo\u017earna zaklopka SC+\"}]},{\"@type\":\"WebSite\",\"@id\":\"https:\\\/\\\/www.trgo-mokk-shop.si\\\/hr\\\/#website\",\"url\":\"https:\\\/\\\/www.trgo-mokk-shop.si\\\/hr\\\/\",\"name\":\"Trgo Mokk shop\",\"description\":\"\",\"publisher\":{\"@id\":\"https:\\\/\\\/www.trgo-mokk-shop.si\\\/hr\\\/#organization\"},\"potentialAction\":[{\"@type\":\"SearchAction\",\"target\":{\"@type\":\"EntryPoint\",\"urlTemplate\":\"https:\\\/\\\/www.trgo-mokk-shop.si\\\/hr\\\/?s={search_term_string}\"},\"query-input\":{\"@type\":\"PropertyValueSpecification\",\"valueRequired\":true,\"valueName\":\"search_term_string\"}}],\"inLanguage\":\"hr\"},{\"@type\":\"Organization\",\"@id\":\"https:\\\/\\\/www.trgo-mokk-shop.si\\\/hr\\\/#organization\",\"name\":\"Trgo Mokk\",\"url\":\"https:\\\/\\\/www.trgo-mokk-shop.si\\\/hr\\\/\",\"logo\":{\"@type\":\"ImageObject\",\"inLanguage\":\"hr\",\"@id\":\"https:\\\/\\\/www.trgo-mokk-shop.si\\\/hr\\\/#\\\/schema\\\/logo\\\/image\\\/\",\"url\":\"https:\\\/\\\/www.trgo-mokk-shop.si\\\/wp-content\\\/uploads\\\/2021\\\/01\\\/index.png\",\"contentUrl\":\"https:\\\/\\\/www.trgo-mokk-shop.si\\\/wp-content\\\/uploads\\\/2021\\\/01\\\/index.png\",\"width\":200,\"height\":200,\"caption\":\"Trgo Mokk\"},\"image\":{\"@id\":\"https:\\\/\\\/www.trgo-mokk-shop.si\\\/hr\\\/#\\\/schema\\\/logo\\\/image\\\/\"}}]}<\/script>\n<!-- \/ Yoast SEO plugin. -->","yoast_head_json":{"title":"Protupo\u017earna zaklopka \/ NA ZALIHI","description":"Okrugla protupo\u017earna zaklopka SC+. Prikladne su za ugradnju u masivni zid, stropnu plo\u010du i u laki zid. Za unutarnju upotrebu.","robots":{"index":"index","follow":"follow","max-snippet":"max-snippet:-1","max-image-preview":"max-image-preview:large","max-video-preview":"max-video-preview:-1"},"canonical":"https:\/\/www.trgo-mokk-shop.si\/hr\/izdelek\/okrugla-protupozarna-zaklopka-sc\/","og_locale":"hr_HR","og_type":"article","og_title":"Protupo\u017earna zaklopka \/ NA ZALIHI","og_description":"Okrugla protupo\u017earna zaklopka SC+. Prikladne su za ugradnju u masivni zid, stropnu plo\u010du i u laki zid. Za unutarnju upotrebu.","og_url":"https:\/\/www.trgo-mokk-shop.si\/hr\/izdelek\/okrugla-protupozarna-zaklopka-sc\/","og_site_name":"Trgo Mokk shop","article_modified_time":"2024-11-29T09:49:09+00:00","og_image":[{"width":2494,"height":2488,"url":"https:\/\/www.trgo-mokk-shop.si\/wp-content\/uploads\/2020\/12\/vstavljiva_okrogla_pozarna_loputa.jpg","type":"image\/jpeg"}],"twitter_card":"summary_large_image","twitter_misc":{"Procijenjeno vrijeme \u010ditanja":"1 minuta"},"schema":{"@context":"https:\/\/schema.org","@graph":[{"@type":"WebPage","@id":"https:\/\/www.trgo-mokk-shop.si\/hr\/izdelek\/okrugla-protupozarna-zaklopka-sc\/","url":"https:\/\/www.trgo-mokk-shop.si\/hr\/izdelek\/okrugla-protupozarna-zaklopka-sc\/","name":"Protupo\u017earna zaklopka \/ NA ZALIHI","isPartOf":{"@id":"https:\/\/www.trgo-mokk-shop.si\/hr\/#website"},"primaryImageOfPage":{"@id":"https:\/\/www.trgo-mokk-shop.si\/hr\/izdelek\/okrugla-protupozarna-zaklopka-sc\/#primaryimage"},"image":{"@id":"https:\/\/www.trgo-mokk-shop.si\/hr\/izdelek\/okrugla-protupozarna-zaklopka-sc\/#primaryimage"},"thumbnailUrl":"https:\/\/www.trgo-mokk-shop.si\/wp-content\/uploads\/2020\/12\/vstavljiva_okrogla_pozarna_loputa.jpg","datePublished":"2020-12-23T09:14:42+00:00","dateModified":"2024-11-29T09:49:09+00:00","description":"Okrugla protupo\u017earna zaklopka SC+. Prikladne su za ugradnju u masivni zid, stropnu plo\u010du i u laki zid. Za unutarnju upotrebu.","breadcrumb":{"@id":"https:\/\/www.trgo-mokk-shop.si\/hr\/izdelek\/okrugla-protupozarna-zaklopka-sc\/#breadcrumb"},"inLanguage":"hr","potentialAction":[{"@type":"ReadAction","target":["https:\/\/www.trgo-mokk-shop.si\/hr\/izdelek\/okrugla-protupozarna-zaklopka-sc\/"]}]},{"@type":"ImageObject","inLanguage":"hr","@id":"https:\/\/www.trgo-mokk-shop.si\/hr\/izdelek\/okrugla-protupozarna-zaklopka-sc\/#primaryimage","url":"https:\/\/www.trgo-mokk-shop.si\/wp-content\/uploads\/2020\/12\/vstavljiva_okrogla_pozarna_loputa.jpg","contentUrl":"https:\/\/www.trgo-mokk-shop.si\/wp-content\/uploads\/2020\/12\/vstavljiva_okrogla_pozarna_loputa.jpg","width":2494,"height":2488},{"@type":"BreadcrumbList","@id":"https:\/\/www.trgo-mokk-shop.si\/hr\/izdelek\/okrugla-protupozarna-zaklopka-sc\/#breadcrumb","itemListElement":[{"@type":"ListItem","position":1,"name":"Domov","item":"https:\/\/www.trgo-mokk-shop.si\/hr\/"},{"@type":"ListItem","position":2,"name":"Shop","item":"https:\/\/www.trgo-mokk-shop.si\/hr\/shop\/"},{"@type":"ListItem","position":3,"name":"Okrugla protupo\u017earna zaklopka SC+"}]},{"@type":"WebSite","@id":"https:\/\/www.trgo-mokk-shop.si\/hr\/#website","url":"https:\/\/www.trgo-mokk-shop.si\/hr\/","name":"Trgo Mokk shop","description":"","publisher":{"@id":"https:\/\/www.trgo-mokk-shop.si\/hr\/#organization"},"potentialAction":[{"@type":"SearchAction","target":{"@type":"EntryPoint","urlTemplate":"https:\/\/www.trgo-mokk-shop.si\/hr\/?s={search_term_string}"},"query-input":{"@type":"PropertyValueSpecification","valueRequired":true,"valueName":"search_term_string"}}],"inLanguage":"hr"},{"@type":"Organization","@id":"https:\/\/www.trgo-mokk-shop.si\/hr\/#organization","name":"Trgo Mokk","url":"https:\/\/www.trgo-mokk-shop.si\/hr\/","logo":{"@type":"ImageObject","inLanguage":"hr","@id":"https:\/\/www.trgo-mokk-shop.si\/hr\/#\/schema\/logo\/image\/","url":"https:\/\/www.trgo-mokk-shop.si\/wp-content\/uploads\/2021\/01\/index.png","contentUrl":"https:\/\/www.trgo-mokk-shop.si\/wp-content\/uploads\/2021\/01\/index.png","width":200,"height":200,"caption":"Trgo Mokk"},"image":{"@id":"https:\/\/www.trgo-mokk-shop.si\/hr\/#\/schema\/logo\/image\/"}}]}},"_links":{"self":[{"href":"https:\/\/www.trgo-mokk-shop.si\/hr\/wp-json\/wp\/v2\/product\/3686","targetHints":{"allow":["GET"]}}],"collection":[{"href":"https:\/\/www.trgo-mokk-shop.si\/hr\/wp-json\/wp\/v2\/product"}],"about":[{"href":"https:\/\/www.trgo-mokk-shop.si\/hr\/wp-json\/wp\/v2\/types\/product"}],"replies":[{"embeddable":true,"href":"https:\/\/www.trgo-mokk-shop.si\/hr\/wp-json\/wp\/v2\/comments?post=3686"}],"wp:featuredmedia":[{"embeddable":true,"href":"https:\/\/www.trgo-mokk-shop.si\/hr\/wp-json\/wp\/v2\/media\/2146"}],"wp:attachment":[{"href":"https:\/\/www.trgo-mokk-shop.si\/hr\/wp-json\/wp\/v2\/media?parent=3686"}],"wp:term":[{"taxonomy":"product_brand","embeddable":true,"href":"https:\/\/www.trgo-mokk-shop.si\/hr\/wp-json\/wp\/v2\/product_brand?post=3686"},{"taxonomy":"product_cat","embeddable":true,"href":"https:\/\/www.trgo-mokk-shop.si\/hr\/wp-json\/wp\/v2\/product_cat?post=3686"},{"taxonomy":"product_tag","embeddable":true,"href":"https:\/\/www.trgo-mokk-shop.si\/hr\/wp-json\/wp\/v2\/product_tag?post=3686"}],"curies":[{"name":"wp","href":"https:\/\/api.w.org\/{rel}","templated":true}]}}