{"id":3653,"date":"2023-09-08T10:48:57","date_gmt":"2023-09-08T08:48:57","guid":{"rendered":"https:\/\/www.trgo-mokk-shop.si\/izdelek\/siva-fasadna-resetka\/"},"modified":"2024-11-28T14:20:21","modified_gmt":"2024-11-28T13:20:21","slug":"siva-rozeta-za-ventilaciju-cpl-2","status":"publish","type":"product","link":"https:\/\/www.trgo-mokk-shop.si\/hr\/izdelek\/siva-rozeta-za-ventilaciju-cpl-2\/","title":{"rendered":"Siva rozeta za ventilaciju CPL-2"},"content":{"rendered":"<p><strong>OPIS:<\/strong><br \/>\n<strong>Siva rozeta za ventilaciju CPL-2 s mre\u017eom protiv ptica<\/strong> ugra\u0111uje se na fasadi na okrugle otvore za usis i odvod zraka. Njihova svrha je za\u0161tita od vanjskih utjecaja: ki\u0161e, manjih \u017eivotinja.<\/p>\n<p><strong>\u041c\u0410\u0422ERIJAL:<\/strong><br \/>\nAluminij &#8211; aluminijasti odljevak pra\u0161kasto obojen u <strong>RAL7016 sivi boji<\/strong>.<\/p>\n<p><strong>SESTAVNI DIJELOVI:<\/strong><br \/>\n\u2022 Nosivi okvir s vodoravnim fiksnim lamelama<br \/>\n\u2022 Za\u0161titna mre\u017ea protiv ptica 10&#215;10 mm<\/p>\n<h2><strong>Siva fasadna re\u0161etka <\/strong><strong>VGRADNJA:<\/strong><\/h2>\n<p><img loading=\"lazy\" decoding=\"async\" class=\"alignnone wp-image-1466 size-full\" src=\"https:\/\/www.trgo-mokk-shop.si\/wp-content\/uploads\/2021\/08\/Vgradnja-zascitne-resetke_CPL-2.jpg\" alt=\"ugradnja ventilacijske re\u0161etke s mre\u017eom protiv ptica\" width=\"600\" height=\"455\" \/><\/p>\n<figure id=\"attachment_3104\" aria-describedby=\"caption-attachment-3104\" style=\"width: 562px\" class=\"wp-caption alignnone\"><img loading=\"lazy\" decoding=\"async\" class=\"wp-image-2254\" src=\"https:\/\/www.trgo-mokk-shop.si\/wp-content\/uploads\/2023\/09\/siva_fasadna_resetka_montaza.jpg\" alt=\"Ugra\u0111ena fasadna re\u0161etka sive boje\" width=\"562\" height=\"561\" \/><figcaption id=\"caption-attachment-3104\" class=\"wp-caption-text\"><em>Ugra\u0111ena fasadna re\u0161etka sive boje<\/em><\/figcaption><\/figure>\n<p>&nbsp;<\/p>\n<h2><strong>Siva fasadna re\u0161etka<\/strong> <strong>DIMENZIJE<\/strong><strong>:<\/strong><\/h2>\n<p><img loading=\"lazy\" decoding=\"async\" class=\"alignnone wp-image-1465\" src=\"https:\/\/www.trgo-mokk-shop.si\/wp-content\/uploads\/2021\/08\/Dimenzije-okrogle-zascitne-resetke-CPL-2.jpg\" alt=\"dimenzije re\u0161etke za ventilacijski otvor s mre\u017eom protiv ptica\" width=\"450\" height=\"272\" \/><\/p>\n<p><strong>KLJU\u010c ZA NARUD\u017dBU:<\/strong><\/p>\n<p><img loading=\"lazy\" decoding=\"async\" class=\"alignnone wp-image-1462\" src=\"https:\/\/www.trgo-mokk-shop.si\/wp-content\/uploads\/2021\/08\/KLJUC_CPL-2.jpg\" alt=\"\" width=\"449\" height=\"336\" \/><\/p>\n<p>&nbsp;<\/p>\n","protected":false},"excerpt":{"rendered":"<p>Siva rozeta za ventilaciju CPL-2 s mre\u017eom protiv ptica za usis in odvod zraka. Njihova svrha je za\u0161tita od vanjskih utjecaja: ki\u0161e, manjih \u017eivotinja.<\/p>\n","protected":false},"featured_media":3103,"comment_status":"open","ping_status":"closed","template":"","meta":[],"product_brand":[],"product_cat":[117,118],"product_tag":[],"class_list":{"0":"post-3653","1":"product","2":"type-product","3":"status-publish","4":"has-post-thumbnail","6":"product_cat-elementi-za-distribuciju-i-regulaciju-zraka","7":"product_cat-protukisne-resetke","9":"first","10":"instock","11":"taxable","12":"shipping-taxable","13":"purchasable","14":"product-type-variable"},"yoast_head":"<!-- This site is optimized with the Yoast SEO plugin v27.4 - https:\/\/yoast.com\/product\/yoast-seo-wordpress\/ -->\n<title>Siva rozeta za ventilaciju CPL-2 s mre\u017eom protiv ptica | na zalihi |<\/title>\n<meta name=\"description\" content=\"Siva rozeta za ventilaciju CPL-2 s mre\u017eom protiv ptica za usis in odvod zraka. Njihova svrha je za\u0161tita od vanjskih utjecaja: ki\u0161e, manjih \u017eivotinja.\" \/>\n<meta name=\"robots\" content=\"index, follow, max-snippet:-1, max-image-preview:large, max-video-preview:-1\" \/>\n<link rel=\"canonical\" href=\"https:\/\/www.trgo-mokk-shop.si\/hr\/izdelek\/siva-rozeta-za-ventilaciju-cpl-2\/\" \/>\n<meta property=\"og:locale\" content=\"hr_HR\" \/>\n<meta property=\"og:type\" content=\"article\" \/>\n<meta property=\"og:title\" content=\"Siva rozeta za ventilaciju CPL-2 s mre\u017eom protiv ptica | na zalihi |\" \/>\n<meta property=\"og:description\" content=\"Siva rozeta za ventilaciju CPL-2 s mre\u017eom protiv ptica za usis in odvod zraka. Njihova svrha je za\u0161tita od vanjskih utjecaja: ki\u0161e, manjih \u017eivotinja.\" \/>\n<meta property=\"og:url\" content=\"https:\/\/www.trgo-mokk-shop.si\/hr\/izdelek\/siva-rozeta-za-ventilaciju-cpl-2\/\" \/>\n<meta property=\"og:site_name\" content=\"Trgo Mokk shop\" \/>\n<meta property=\"article:modified_time\" content=\"2024-11-28T13:20:21+00:00\" \/>\n<meta property=\"og:image\" content=\"https:\/\/www.trgo-mokk-shop.si\/wp-content\/uploads\/2023\/09\/siva_fasadna_resetka.jpg\" \/>\n\t<meta property=\"og:image:width\" content=\"2494\" \/>\n\t<meta property=\"og:image:height\" content=\"2488\" \/>\n\t<meta property=\"og:image:type\" content=\"image\/jpeg\" \/>\n<meta name=\"twitter:card\" content=\"summary_large_image\" \/>\n<meta name=\"twitter:label1\" content=\"Procijenjeno vrijeme \u010ditanja\" \/>\n\t<meta name=\"twitter:data1\" content=\"2 minute\" \/>\n<script type=\"application\/ld+json\" class=\"yoast-schema-graph\">{\"@context\":\"https:\\\/\\\/schema.org\",\"@graph\":[{\"@type\":\"WebPage\",\"@id\":\"https:\\\/\\\/www.trgo-mokk-shop.si\\\/hr\\\/izdelek\\\/siva-rozeta-za-ventilaciju-cpl-2\\\/\",\"url\":\"https:\\\/\\\/www.trgo-mokk-shop.si\\\/hr\\\/izdelek\\\/siva-rozeta-za-ventilaciju-cpl-2\\\/\",\"name\":\"Siva rozeta za ventilaciju CPL-2 s mre\u017eom protiv ptica | na zalihi |\",\"isPartOf\":{\"@id\":\"https:\\\/\\\/www.trgo-mokk-shop.si\\\/hr\\\/#website\"},\"primaryImageOfPage\":{\"@id\":\"https:\\\/\\\/www.trgo-mokk-shop.si\\\/hr\\\/izdelek\\\/siva-rozeta-za-ventilaciju-cpl-2\\\/#primaryimage\"},\"image\":{\"@id\":\"https:\\\/\\\/www.trgo-mokk-shop.si\\\/hr\\\/izdelek\\\/siva-rozeta-za-ventilaciju-cpl-2\\\/#primaryimage\"},\"thumbnailUrl\":\"https:\\\/\\\/www.trgo-mokk-shop.si\\\/wp-content\\\/uploads\\\/2023\\\/09\\\/siva_fasadna_resetka.jpg\",\"datePublished\":\"2023-09-08T08:48:57+00:00\",\"dateModified\":\"2024-11-28T13:20:21+00:00\",\"description\":\"Siva rozeta za ventilaciju CPL-2 s mre\u017eom protiv ptica za usis in odvod zraka. Njihova svrha je za\u0161tita od vanjskih utjecaja: ki\u0161e, manjih \u017eivotinja.\",\"breadcrumb\":{\"@id\":\"https:\\\/\\\/www.trgo-mokk-shop.si\\\/hr\\\/izdelek\\\/siva-rozeta-za-ventilaciju-cpl-2\\\/#breadcrumb\"},\"inLanguage\":\"hr\",\"potentialAction\":[{\"@type\":\"ReadAction\",\"target\":[\"https:\\\/\\\/www.trgo-mokk-shop.si\\\/hr\\\/izdelek\\\/siva-rozeta-za-ventilaciju-cpl-2\\\/\"]}]},{\"@type\":\"ImageObject\",\"inLanguage\":\"hr\",\"@id\":\"https:\\\/\\\/www.trgo-mokk-shop.si\\\/hr\\\/izdelek\\\/siva-rozeta-za-ventilaciju-cpl-2\\\/#primaryimage\",\"url\":\"https:\\\/\\\/www.trgo-mokk-shop.si\\\/wp-content\\\/uploads\\\/2023\\\/09\\\/siva_fasadna_resetka.jpg\",\"contentUrl\":\"https:\\\/\\\/www.trgo-mokk-shop.si\\\/wp-content\\\/uploads\\\/2023\\\/09\\\/siva_fasadna_resetka.jpg\",\"width\":2494,\"height\":2488},{\"@type\":\"BreadcrumbList\",\"@id\":\"https:\\\/\\\/www.trgo-mokk-shop.si\\\/hr\\\/izdelek\\\/siva-rozeta-za-ventilaciju-cpl-2\\\/#breadcrumb\",\"itemListElement\":[{\"@type\":\"ListItem\",\"position\":1,\"name\":\"Domov\",\"item\":\"https:\\\/\\\/www.trgo-mokk-shop.si\\\/hr\\\/\"},{\"@type\":\"ListItem\",\"position\":2,\"name\":\"Shop\",\"item\":\"https:\\\/\\\/www.trgo-mokk-shop.si\\\/hr\\\/shop\\\/\"},{\"@type\":\"ListItem\",\"position\":3,\"name\":\"Siva rozeta za ventilaciju CPL-2\"}]},{\"@type\":\"WebSite\",\"@id\":\"https:\\\/\\\/www.trgo-mokk-shop.si\\\/hr\\\/#website\",\"url\":\"https:\\\/\\\/www.trgo-mokk-shop.si\\\/hr\\\/\",\"name\":\"Trgo Mokk shop\",\"description\":\"\",\"publisher\":{\"@id\":\"https:\\\/\\\/www.trgo-mokk-shop.si\\\/hr\\\/#organization\"},\"potentialAction\":[{\"@type\":\"SearchAction\",\"target\":{\"@type\":\"EntryPoint\",\"urlTemplate\":\"https:\\\/\\\/www.trgo-mokk-shop.si\\\/hr\\\/?s={search_term_string}\"},\"query-input\":{\"@type\":\"PropertyValueSpecification\",\"valueRequired\":true,\"valueName\":\"search_term_string\"}}],\"inLanguage\":\"hr\"},{\"@type\":\"Organization\",\"@id\":\"https:\\\/\\\/www.trgo-mokk-shop.si\\\/hr\\\/#organization\",\"name\":\"Trgo Mokk\",\"url\":\"https:\\\/\\\/www.trgo-mokk-shop.si\\\/hr\\\/\",\"logo\":{\"@type\":\"ImageObject\",\"inLanguage\":\"hr\",\"@id\":\"https:\\\/\\\/www.trgo-mokk-shop.si\\\/hr\\\/#\\\/schema\\\/logo\\\/image\\\/\",\"url\":\"https:\\\/\\\/www.trgo-mokk-shop.si\\\/wp-content\\\/uploads\\\/2021\\\/01\\\/index.png\",\"contentUrl\":\"https:\\\/\\\/www.trgo-mokk-shop.si\\\/wp-content\\\/uploads\\\/2021\\\/01\\\/index.png\",\"width\":200,\"height\":200,\"caption\":\"Trgo Mokk\"},\"image\":{\"@id\":\"https:\\\/\\\/www.trgo-mokk-shop.si\\\/hr\\\/#\\\/schema\\\/logo\\\/image\\\/\"}}]}<\/script>\n<!-- \/ Yoast SEO plugin. -->","yoast_head_json":{"title":"Siva rozeta za ventilaciju CPL-2 s mre\u017eom protiv ptica | na zalihi |","description":"Siva rozeta za ventilaciju CPL-2 s mre\u017eom protiv ptica za usis in odvod zraka. Njihova svrha je za\u0161tita od vanjskih utjecaja: ki\u0161e, manjih \u017eivotinja.","robots":{"index":"index","follow":"follow","max-snippet":"max-snippet:-1","max-image-preview":"max-image-preview:large","max-video-preview":"max-video-preview:-1"},"canonical":"https:\/\/www.trgo-mokk-shop.si\/hr\/izdelek\/siva-rozeta-za-ventilaciju-cpl-2\/","og_locale":"hr_HR","og_type":"article","og_title":"Siva rozeta za ventilaciju CPL-2 s mre\u017eom protiv ptica | na zalihi |","og_description":"Siva rozeta za ventilaciju CPL-2 s mre\u017eom protiv ptica za usis in odvod zraka. Njihova svrha je za\u0161tita od vanjskih utjecaja: ki\u0161e, manjih \u017eivotinja.","og_url":"https:\/\/www.trgo-mokk-shop.si\/hr\/izdelek\/siva-rozeta-za-ventilaciju-cpl-2\/","og_site_name":"Trgo Mokk shop","article_modified_time":"2024-11-28T13:20:21+00:00","og_image":[{"width":2494,"height":2488,"url":"https:\/\/www.trgo-mokk-shop.si\/wp-content\/uploads\/2023\/09\/siva_fasadna_resetka.jpg","type":"image\/jpeg"}],"twitter_card":"summary_large_image","twitter_misc":{"Procijenjeno vrijeme \u010ditanja":"2 minute"},"schema":{"@context":"https:\/\/schema.org","@graph":[{"@type":"WebPage","@id":"https:\/\/www.trgo-mokk-shop.si\/hr\/izdelek\/siva-rozeta-za-ventilaciju-cpl-2\/","url":"https:\/\/www.trgo-mokk-shop.si\/hr\/izdelek\/siva-rozeta-za-ventilaciju-cpl-2\/","name":"Siva rozeta za ventilaciju CPL-2 s mre\u017eom protiv ptica | na zalihi |","isPartOf":{"@id":"https:\/\/www.trgo-mokk-shop.si\/hr\/#website"},"primaryImageOfPage":{"@id":"https:\/\/www.trgo-mokk-shop.si\/hr\/izdelek\/siva-rozeta-za-ventilaciju-cpl-2\/#primaryimage"},"image":{"@id":"https:\/\/www.trgo-mokk-shop.si\/hr\/izdelek\/siva-rozeta-za-ventilaciju-cpl-2\/#primaryimage"},"thumbnailUrl":"https:\/\/www.trgo-mokk-shop.si\/wp-content\/uploads\/2023\/09\/siva_fasadna_resetka.jpg","datePublished":"2023-09-08T08:48:57+00:00","dateModified":"2024-11-28T13:20:21+00:00","description":"Siva rozeta za ventilaciju CPL-2 s mre\u017eom protiv ptica za usis in odvod zraka. Njihova svrha je za\u0161tita od vanjskih utjecaja: ki\u0161e, manjih \u017eivotinja.","breadcrumb":{"@id":"https:\/\/www.trgo-mokk-shop.si\/hr\/izdelek\/siva-rozeta-za-ventilaciju-cpl-2\/#breadcrumb"},"inLanguage":"hr","potentialAction":[{"@type":"ReadAction","target":["https:\/\/www.trgo-mokk-shop.si\/hr\/izdelek\/siva-rozeta-za-ventilaciju-cpl-2\/"]}]},{"@type":"ImageObject","inLanguage":"hr","@id":"https:\/\/www.trgo-mokk-shop.si\/hr\/izdelek\/siva-rozeta-za-ventilaciju-cpl-2\/#primaryimage","url":"https:\/\/www.trgo-mokk-shop.si\/wp-content\/uploads\/2023\/09\/siva_fasadna_resetka.jpg","contentUrl":"https:\/\/www.trgo-mokk-shop.si\/wp-content\/uploads\/2023\/09\/siva_fasadna_resetka.jpg","width":2494,"height":2488},{"@type":"BreadcrumbList","@id":"https:\/\/www.trgo-mokk-shop.si\/hr\/izdelek\/siva-rozeta-za-ventilaciju-cpl-2\/#breadcrumb","itemListElement":[{"@type":"ListItem","position":1,"name":"Domov","item":"https:\/\/www.trgo-mokk-shop.si\/hr\/"},{"@type":"ListItem","position":2,"name":"Shop","item":"https:\/\/www.trgo-mokk-shop.si\/hr\/shop\/"},{"@type":"ListItem","position":3,"name":"Siva rozeta za ventilaciju CPL-2"}]},{"@type":"WebSite","@id":"https:\/\/www.trgo-mokk-shop.si\/hr\/#website","url":"https:\/\/www.trgo-mokk-shop.si\/hr\/","name":"Trgo Mokk shop","description":"","publisher":{"@id":"https:\/\/www.trgo-mokk-shop.si\/hr\/#organization"},"potentialAction":[{"@type":"SearchAction","target":{"@type":"EntryPoint","urlTemplate":"https:\/\/www.trgo-mokk-shop.si\/hr\/?s={search_term_string}"},"query-input":{"@type":"PropertyValueSpecification","valueRequired":true,"valueName":"search_term_string"}}],"inLanguage":"hr"},{"@type":"Organization","@id":"https:\/\/www.trgo-mokk-shop.si\/hr\/#organization","name":"Trgo Mokk","url":"https:\/\/www.trgo-mokk-shop.si\/hr\/","logo":{"@type":"ImageObject","inLanguage":"hr","@id":"https:\/\/www.trgo-mokk-shop.si\/hr\/#\/schema\/logo\/image\/","url":"https:\/\/www.trgo-mokk-shop.si\/wp-content\/uploads\/2021\/01\/index.png","contentUrl":"https:\/\/www.trgo-mokk-shop.si\/wp-content\/uploads\/2021\/01\/index.png","width":200,"height":200,"caption":"Trgo Mokk"},"image":{"@id":"https:\/\/www.trgo-mokk-shop.si\/hr\/#\/schema\/logo\/image\/"}}]}},"_links":{"self":[{"href":"https:\/\/www.trgo-mokk-shop.si\/hr\/wp-json\/wp\/v2\/product\/3653","targetHints":{"allow":["GET"]}}],"collection":[{"href":"https:\/\/www.trgo-mokk-shop.si\/hr\/wp-json\/wp\/v2\/product"}],"about":[{"href":"https:\/\/www.trgo-mokk-shop.si\/hr\/wp-json\/wp\/v2\/types\/product"}],"replies":[{"embeddable":true,"href":"https:\/\/www.trgo-mokk-shop.si\/hr\/wp-json\/wp\/v2\/comments?post=3653"}],"wp:featuredmedia":[{"embeddable":true,"href":"https:\/\/www.trgo-mokk-shop.si\/hr\/wp-json\/wp\/v2\/media\/3103"}],"wp:attachment":[{"href":"https:\/\/www.trgo-mokk-shop.si\/hr\/wp-json\/wp\/v2\/media?parent=3653"}],"wp:term":[{"taxonomy":"product_brand","embeddable":true,"href":"https:\/\/www.trgo-mokk-shop.si\/hr\/wp-json\/wp\/v2\/product_brand?post=3653"},{"taxonomy":"product_cat","embeddable":true,"href":"https:\/\/www.trgo-mokk-shop.si\/hr\/wp-json\/wp\/v2\/product_cat?post=3653"},{"taxonomy":"product_tag","embeddable":true,"href":"https:\/\/www.trgo-mokk-shop.si\/hr\/wp-json\/wp\/v2\/product_tag?post=3653"}],"curies":[{"name":"wp","href":"https:\/\/api.w.org\/{rel}","templated":true}]}}