{"id":3631,"date":"2020-12-15T13:29:25","date_gmt":"2020-12-15T12:29:25","guid":{"rendered":"https:\/\/www.trgo-mokk-shop.si\/politika-o-privatnosti\/"},"modified":"2024-09-09T16:36:21","modified_gmt":"2024-09-09T14:36:21","slug":"politika-o-privatnosti","status":"publish","type":"page","link":"https:\/\/www.trgo-mokk-shop.si\/hr\/politika-o-privatnosti\/","title":{"rendered":"Politika o privatnosti"},"content":{"rendered":"<h1>Pravilnik o za\u0161titi osobnih podataka<\/h1>\n<p>&nbsp;<\/p>\n<p><strong><em>1. Izjava o za\u0161titi osobnih podataka<\/em><\/strong><\/p>\n<p>U poduze\u0107u TRGO MOKK d.o.o., Godovi\u010d 7, SI- 5275 Godovi\u010d, mati\u010dni broj: 6119514000, porezni broj: SI67799108 (u daljnjem tekstu: upravitelj) po\u0161tujemo privatnost korisnika ili kupaca i obvezujemo se na za\u0161titu osobnih podataka koje primimo od njih. Ovom aspektu pridajemo veliku pa\u017enju prilikom provo\u0111enja na\u0161ih web aktivnosti. Stoga je na\u0161a politika o za\u0161titi podataka u skladu s va\u017ee\u0107im odredbama o za\u0161titi osobnih podataka kao i drugim zakonskim propisima.<\/p>\n<p>Kako bismo osobne podatke \u0161to u\u010dinkovitije za\u0161titili od slu\u010dajnih ili namjernih manipulacija, gubitka podataka, njihova uni\u0161tenja ili pristupa neovla\u0161tenim tre\u0107im stranama, koristimo tehni\u010dke i organizacijske sigurnosne mjere, koje nadogra\u0111ujemo sukladno tehnolo\u0161kom razvoju i zakonskim promjenama.<\/p>\n<p>U nastavku \u0107emo predstaviti koje osobne podatke korisnika ili kupaca prikupljamo i kako ih koristimo, kako \u0161titimo te podatke, kako korisnik mo\u017ee sam promijeniti svoje podatke i koja je na\u0161a politika kola\u010di\u0107a.<\/p>\n<p><strong><em>2. Koje osobne podatke prikupljamo?<\/em><\/strong><\/p>\n<p>Na\u0161u web stranicu mo\u017ee posjetiti svatko bez navo\u0111enja svojih osobnih podataka.<\/p>\n<p>Navo\u0111enje osobnih podataka potrebno je samo prilikom popunjavanja obrasca prilikom kupnje proizvoda. Prilikom kupnje, kupac daje sljede\u0107e osobne podatke: <strong><em>ime, priimek, naslov, e-naslov, telefonska \u0161tevilka, naziv podjetja in naslov ter dav\u010dna \u0161tevilka.<\/em><\/strong><\/p>\n<p>Osobne podatke u svrhu sukladno va\u017ee\u0107em zakonodavstvu i gdje nije potrebna privola, jer je pravna osnova postoje\u0107e zakonodavstvo (npr. \u010duvanje ra\u010duna, sklopljenih ugovora i sl.) \u010duvamo i \u0161titimo u skladu s Op\u0107om uredbom EU o za\u0161titi osobnih podataka (GDPR).<\/p>\n<p>TRGO MOKK d.o.o. koristi navedene osobne podatke za komunikaciju s korisnicima u vezi s pru\u017eanjem usluga i odgovaranjem na upite, zaklju\u010divanje i ispunjavanje obveza koje proizlaze iz sklopljenih ugovora, te u svrhu pobolj\u0161anja kvalitete ponude i usluga, kao i za statisti\u010dke svrhe. U vezi s elektroni\u010dkom po\u0161tom koju vam tvrtka \u0161alje, tako\u0111er se mogu obra\u0111ivati podaci o prikazima primljenih poruka i eventualnim klikovima na veze u primljenim porukama<\/p>\n<p>Korisnik se mo\u017ee dobrovoljno odlu\u010diti primati informativne e-poruke.<\/p>\n<p><strong><em>3. Pohrana i za\u0161tita osobnih podataka<\/em><\/strong><\/p>\n<p>Upravitelj \u0107e \u010duvati prikupljene osobne podatke samo onoliko dugo koliko je to potrebno za ostvarenje svrhe zbog koje su osobni podaci prikupljeni.<\/p>\n<p>Rok \u010duvanja osobnih podataka mo\u017ee se razlikovati ovisno o va\u017ee\u0107oj sektorskoj zakonodavstvu (npr. zakonodavstvo s podru\u010dja poreza, ra\u010dunovodstva). U slu\u010daju kada va\u017ee\u0107e sektorsko zakonodavstvo odre\u0111uje obvezne rokove za \u010duvanje osobnih podataka, TRGO MOKK d.o.o. \u0107e izbrisati osobne podatke po isteku zakonom propisanog obveznog roka<\/p>\n<p>U poduze\u0107u TRGO MOKK d.o.o. podatke u anonimiziranom sumarnom obliku mo\u017eemo koristiti u svrhu statisti\u010dke analize U svakom slu\u010daju, osobne podatke korisnika ne\u0107emo predavati nepoobla\u0161tenim osobama.<\/p>\n<p>Podaci koje prikupljamo i obra\u0111ujemo bit \u0107e otkriveni u slu\u010daju da takva obveza bude odre\u0111ena zakonom, ili u dobroj vjeri, da je takvo djelovanje potrebno za postupke pred sudovima ili drugim dr\u017eavnim organima te za za\u0161titu i ostvarivanje zakonitih interesa upravitelja.<\/p>\n<p>U internetskom informacijskom sustavu tvrtke TRGO MOKK postoje poveznice na druge, vanjske web stranice, koje nisu izravno povezane s tvrtkom, pa tvrtka ne preuzima nikakvu odgovornost za za\u0161titu podataka na tim web stranicama.<\/p>\n<p>Kako bismo sprije\u010dili neovla\u0161ten pristup prikupljenim podacima ili njihovo otkrivanje, o\u010duvali to\u010dnost osobnih podataka i osigurali njihovu odgovaraju\u0107u upotrebu, koristimo odgovaraju\u0107e tehni\u010dke i organizacijske postupke za za\u0161titu podataka koje prikupljamo. TRGO MOKK d.o.o. nije u mogu\u0107nosti potpuno isklju\u010diti mogu\u0107nost curenja ili zloupotrebe podataka, jer su internetske tehnologije otvorene za javnost i kao takve podlo\u017ene mogu\u0107im ra\u010dunalnim napadima koji su nepredvidljivi.<\/p>\n<p><strong><em>4. Pravo na povla\u010denje informacija<\/em><\/strong><\/p>\n<p>Imate pravo zatra\u017eiti i besplatno dobiti informacije o tome koje su va\u0161e osobne podatke pohranjene. Nadalje, imate pravo zahtijevati ispravke, brisanje ili zabranu kori\u0161tenja neto\u010dnih podataka. U odre\u0111enim okolnostima, brisanje podataka mo\u017ee biti suprotno zakonskim propisima, posebno ako su podaci namijenjeni za ra\u010dunovodstvene i knjigovodstvene svrhe<\/p>\n<p>U bilo kojem trenutku mo\u017eete zahtijevati::<\/p>\n<ul>\n<li>Ispravak svojih osobnih podataka slanjem pismenog zahtjeva na adresu: <a href=\"mailto:info@trgo-mokk.si\">info@trgo-mokk.si<\/a><\/li>\n<li>Trajno brisanje osobnih podataka koje \u010duvamo o vama slanjem pismenog zahtjeva na adresu: <a href=\"mailto:info@trgo-mokk.si\">info@trgo-mokk.si<\/a>.<\/li>\n<li>Izvoz i uvid u osobne podatke u elektroni\u010dkom obliku koje \u010duvamo o vama slanjem pismenog zahtjeva na adresu: <a href=\"mailto:info@trgo-mokk.si\">info@trgo-mokk.si<\/a> .<\/li>\n<\/ul>\n<p><strong><em>5. Kola\u010di\u0107i<\/em><\/strong><\/p>\n<p>Kola\u010di\u0107i su nevidljive datoteke koje se privremeno pohranjuju na tvrdi disk korisnika web stranice. Upravitelju omogu\u0107avaju prepoznavanje ra\u010dunala korisnika ili druge elektroni\u010dke naprave kada ponovno posjete web stranicu. Tvrtka TRGO MOKK koristi kola\u010di\u0107e samo za prikupljanje informacija o kori\u0161tenju web stranice i za optimizaciju svojih internetskih ogla\u0161iva\u010dkih aktivnosti.<\/p>\n<p>Ogla\u0161iva\u010dki kola\u010di\u0107i prate pojedina\u010dnu upotrebu web stranice pru\u017eatelja, osim ako pojedinac ne pristane na kori\u0161tenje kola\u010di\u0107a na stranici.<\/p>\n<p>Vi\u0161e o kola\u010di\u0107ima i njihovoj upotrebi mo\u017eete pro\u010ditati <a href=\"https:\/\/www.trgo-mokk-shop.si\/o-piskotkih\/\">ovdje.<\/a><\/p>\n<p><strong><em>6. Objava promjena<\/em><\/strong><\/p>\n<p>Objava promjena Svaka promjena ovog Pravilnika o za\u0161titi osobnih podataka bit \u0107e objavljena na ovoj web stranici.<\/p>\n<p>Datum: 8.1.2021<\/p>\n","protected":false},"excerpt":{"rendered":"<p>Pravilnik o za\u0161titi osobnih podataka &nbsp; 1. Izjava o za\u0161titi osobnih podataka U poduze\u0107u TRGO MOKK d.o.o., Godovi\u010d 7, SI- 5275 Godovi\u010d, mati\u010dni broj: 6119514000, porezni broj: SI67799108 (u daljnjem tekstu: upravitelj) po\u0161tujemo privatnost korisnika ili kupaca i obvezujemo se na za\u0161titu osobnih podataka koje primimo od njih. Ovom aspektu pridajemo veliku pa\u017enju prilikom provo\u0111enja [&#8230;]\n","protected":false},"author":1,"featured_media":0,"parent":0,"menu_order":0,"comment_status":"closed","ping_status":"open","template":"","meta":{"footnotes":""},"class_list":["post-3631","page","type-page","status-publish","hentry"],"yoast_head":"<!-- This site is optimized with the Yoast SEO plugin v27.5 - https:\/\/yoast.com\/product\/yoast-seo-wordpress\/ -->\n<title>Politika o privatnosti - Trgo Mokk shop<\/title>\n<meta name=\"robots\" content=\"index, follow, max-snippet:-1, max-image-preview:large, max-video-preview:-1\" \/>\n<link rel=\"canonical\" href=\"https:\/\/www.trgo-mokk-shop.si\/hr\/politika-o-privatnosti\/\" \/>\n<meta property=\"og:locale\" content=\"hr_HR\" \/>\n<meta property=\"og:type\" content=\"article\" \/>\n<meta property=\"og:title\" content=\"Politika o privatnosti - Trgo Mokk shop\" \/>\n<meta property=\"og:description\" content=\"Pravilnik o za\u0161titi osobnih podataka &nbsp; 1. Izjava o za\u0161titi osobnih podataka U poduze\u0107u TRGO MOKK d.o.o., Godovi\u010d 7, SI- 5275 Godovi\u010d, mati\u010dni broj: 6119514000, porezni broj: SI67799108 (u daljnjem tekstu: upravitelj) po\u0161tujemo privatnost korisnika ili kupaca i obvezujemo se na za\u0161titu osobnih podataka koje primimo od njih. Ovom aspektu pridajemo veliku pa\u017enju prilikom provo\u0111enja [...]\" \/>\n<meta property=\"og:url\" content=\"https:\/\/www.trgo-mokk-shop.si\/hr\/politika-o-privatnosti\/\" \/>\n<meta property=\"og:site_name\" content=\"Trgo Mokk shop\" \/>\n<meta property=\"article:modified_time\" content=\"2024-09-09T14:36:21+00:00\" \/>\n<meta name=\"twitter:card\" content=\"summary_large_image\" \/>\n<meta name=\"twitter:label1\" content=\"Procijenjeno vrijeme \u010ditanja\" \/>\n\t<meta name=\"twitter:data1\" content=\"4 minute\" \/>\n<script type=\"application\/ld+json\" class=\"yoast-schema-graph\">{\"@context\":\"https:\\\/\\\/schema.org\",\"@graph\":[{\"@type\":\"WebPage\",\"@id\":\"https:\\\/\\\/www.trgo-mokk-shop.si\\\/hr\\\/politika-o-privatnosti\\\/\",\"url\":\"https:\\\/\\\/www.trgo-mokk-shop.si\\\/hr\\\/politika-o-privatnosti\\\/\",\"name\":\"Politika o privatnosti - Trgo Mokk shop\",\"isPartOf\":{\"@id\":\"https:\\\/\\\/www.trgo-mokk-shop.si\\\/hr\\\/#website\"},\"datePublished\":\"2020-12-15T12:29:25+00:00\",\"dateModified\":\"2024-09-09T14:36:21+00:00\",\"breadcrumb\":{\"@id\":\"https:\\\/\\\/www.trgo-mokk-shop.si\\\/hr\\\/politika-o-privatnosti\\\/#breadcrumb\"},\"inLanguage\":\"hr\",\"potentialAction\":[{\"@type\":\"ReadAction\",\"target\":[\"https:\\\/\\\/www.trgo-mokk-shop.si\\\/hr\\\/politika-o-privatnosti\\\/\"]}]},{\"@type\":\"BreadcrumbList\",\"@id\":\"https:\\\/\\\/www.trgo-mokk-shop.si\\\/hr\\\/politika-o-privatnosti\\\/#breadcrumb\",\"itemListElement\":[{\"@type\":\"ListItem\",\"position\":1,\"name\":\"Domov\",\"item\":\"https:\\\/\\\/www.trgo-mokk-shop.si\\\/hr\\\/\"},{\"@type\":\"ListItem\",\"position\":2,\"name\":\"Politika o privatnosti\"}]},{\"@type\":\"WebSite\",\"@id\":\"https:\\\/\\\/www.trgo-mokk-shop.si\\\/hr\\\/#website\",\"url\":\"https:\\\/\\\/www.trgo-mokk-shop.si\\\/hr\\\/\",\"name\":\"Trgo Mokk shop\",\"description\":\"\",\"publisher\":{\"@id\":\"https:\\\/\\\/www.trgo-mokk-shop.si\\\/hr\\\/#organization\"},\"potentialAction\":[{\"@type\":\"SearchAction\",\"target\":{\"@type\":\"EntryPoint\",\"urlTemplate\":\"https:\\\/\\\/www.trgo-mokk-shop.si\\\/hr\\\/?s={search_term_string}\"},\"query-input\":{\"@type\":\"PropertyValueSpecification\",\"valueRequired\":true,\"valueName\":\"search_term_string\"}}],\"inLanguage\":\"hr\"},{\"@type\":\"Organization\",\"@id\":\"https:\\\/\\\/www.trgo-mokk-shop.si\\\/hr\\\/#organization\",\"name\":\"Trgo Mokk\",\"url\":\"https:\\\/\\\/www.trgo-mokk-shop.si\\\/hr\\\/\",\"logo\":{\"@type\":\"ImageObject\",\"inLanguage\":\"hr\",\"@id\":\"https:\\\/\\\/www.trgo-mokk-shop.si\\\/hr\\\/#\\\/schema\\\/logo\\\/image\\\/\",\"url\":\"https:\\\/\\\/www.trgo-mokk-shop.si\\\/wp-content\\\/uploads\\\/2021\\\/01\\\/index.png\",\"contentUrl\":\"https:\\\/\\\/www.trgo-mokk-shop.si\\\/wp-content\\\/uploads\\\/2021\\\/01\\\/index.png\",\"width\":200,\"height\":200,\"caption\":\"Trgo Mokk\"},\"image\":{\"@id\":\"https:\\\/\\\/www.trgo-mokk-shop.si\\\/hr\\\/#\\\/schema\\\/logo\\\/image\\\/\"}}]}<\/script>\n<!-- \/ Yoast SEO plugin. -->","yoast_head_json":{"title":"Politika o privatnosti - Trgo Mokk shop","robots":{"index":"index","follow":"follow","max-snippet":"max-snippet:-1","max-image-preview":"max-image-preview:large","max-video-preview":"max-video-preview:-1"},"canonical":"https:\/\/www.trgo-mokk-shop.si\/hr\/politika-o-privatnosti\/","og_locale":"hr_HR","og_type":"article","og_title":"Politika o privatnosti - Trgo Mokk shop","og_description":"Pravilnik o za\u0161titi osobnih podataka &nbsp; 1. Izjava o za\u0161titi osobnih podataka U poduze\u0107u TRGO MOKK d.o.o., Godovi\u010d 7, SI- 5275 Godovi\u010d, mati\u010dni broj: 6119514000, porezni broj: SI67799108 (u daljnjem tekstu: upravitelj) po\u0161tujemo privatnost korisnika ili kupaca i obvezujemo se na za\u0161titu osobnih podataka koje primimo od njih. Ovom aspektu pridajemo veliku pa\u017enju prilikom provo\u0111enja [...]","og_url":"https:\/\/www.trgo-mokk-shop.si\/hr\/politika-o-privatnosti\/","og_site_name":"Trgo Mokk shop","article_modified_time":"2024-09-09T14:36:21+00:00","twitter_card":"summary_large_image","twitter_misc":{"Procijenjeno vrijeme \u010ditanja":"4 minute"},"schema":{"@context":"https:\/\/schema.org","@graph":[{"@type":"WebPage","@id":"https:\/\/www.trgo-mokk-shop.si\/hr\/politika-o-privatnosti\/","url":"https:\/\/www.trgo-mokk-shop.si\/hr\/politika-o-privatnosti\/","name":"Politika o privatnosti - Trgo Mokk shop","isPartOf":{"@id":"https:\/\/www.trgo-mokk-shop.si\/hr\/#website"},"datePublished":"2020-12-15T12:29:25+00:00","dateModified":"2024-09-09T14:36:21+00:00","breadcrumb":{"@id":"https:\/\/www.trgo-mokk-shop.si\/hr\/politika-o-privatnosti\/#breadcrumb"},"inLanguage":"hr","potentialAction":[{"@type":"ReadAction","target":["https:\/\/www.trgo-mokk-shop.si\/hr\/politika-o-privatnosti\/"]}]},{"@type":"BreadcrumbList","@id":"https:\/\/www.trgo-mokk-shop.si\/hr\/politika-o-privatnosti\/#breadcrumb","itemListElement":[{"@type":"ListItem","position":1,"name":"Domov","item":"https:\/\/www.trgo-mokk-shop.si\/hr\/"},{"@type":"ListItem","position":2,"name":"Politika o privatnosti"}]},{"@type":"WebSite","@id":"https:\/\/www.trgo-mokk-shop.si\/hr\/#website","url":"https:\/\/www.trgo-mokk-shop.si\/hr\/","name":"Trgo Mokk shop","description":"","publisher":{"@id":"https:\/\/www.trgo-mokk-shop.si\/hr\/#organization"},"potentialAction":[{"@type":"SearchAction","target":{"@type":"EntryPoint","urlTemplate":"https:\/\/www.trgo-mokk-shop.si\/hr\/?s={search_term_string}"},"query-input":{"@type":"PropertyValueSpecification","valueRequired":true,"valueName":"search_term_string"}}],"inLanguage":"hr"},{"@type":"Organization","@id":"https:\/\/www.trgo-mokk-shop.si\/hr\/#organization","name":"Trgo Mokk","url":"https:\/\/www.trgo-mokk-shop.si\/hr\/","logo":{"@type":"ImageObject","inLanguage":"hr","@id":"https:\/\/www.trgo-mokk-shop.si\/hr\/#\/schema\/logo\/image\/","url":"https:\/\/www.trgo-mokk-shop.si\/wp-content\/uploads\/2021\/01\/index.png","contentUrl":"https:\/\/www.trgo-mokk-shop.si\/wp-content\/uploads\/2021\/01\/index.png","width":200,"height":200,"caption":"Trgo Mokk"},"image":{"@id":"https:\/\/www.trgo-mokk-shop.si\/hr\/#\/schema\/logo\/image\/"}}]}},"_links":{"self":[{"href":"https:\/\/www.trgo-mokk-shop.si\/hr\/wp-json\/wp\/v2\/pages\/3631","targetHints":{"allow":["GET"]}}],"collection":[{"href":"https:\/\/www.trgo-mokk-shop.si\/hr\/wp-json\/wp\/v2\/pages"}],"about":[{"href":"https:\/\/www.trgo-mokk-shop.si\/hr\/wp-json\/wp\/v2\/types\/page"}],"author":[{"embeddable":true,"href":"https:\/\/www.trgo-mokk-shop.si\/hr\/wp-json\/wp\/v2\/users\/1"}],"replies":[{"embeddable":true,"href":"https:\/\/www.trgo-mokk-shop.si\/hr\/wp-json\/wp\/v2\/comments?post=3631"}],"version-history":[{"count":1,"href":"https:\/\/www.trgo-mokk-shop.si\/hr\/wp-json\/wp\/v2\/pages\/3631\/revisions"}],"predecessor-version":[{"id":3632,"href":"https:\/\/www.trgo-mokk-shop.si\/hr\/wp-json\/wp\/v2\/pages\/3631\/revisions\/3632"}],"wp:attachment":[{"href":"https:\/\/www.trgo-mokk-shop.si\/hr\/wp-json\/wp\/v2\/media?parent=3631"}],"curies":[{"name":"wp","href":"https:\/\/api.w.org\/{rel}","templated":true}]}}